{"id":260478,"date":"2016-06-08T19:39:18","date_gmt":"2016-06-08T17:39:18","guid":{"rendered":"https:\/\/nueva.gaspachitos.com\/producto\/cambiador-blando-fasciatoio-asia-de-cam\/"},"modified":"2016-06-08T19:39:18","modified_gmt":"2016-06-08T17:39:18","slug":"cambiador-blando-fasciatoio-asia-de-cam","status":"publish","type":"product","link":"https:\/\/gaspachitos.com\/eu\/producto\/cambiador-blando-fasciatoio-asia-de-cam\/","title":{"rendered":"Cambiador Blando Fasciatoio Asia de CAM"},"content":{"rendered":"<h2><strong><span style=\"font-family:verdana;\">Cambiador Blando Fasciatoio Asia<\/span><\/strong><\/h2>\n<p>Cambiador suave con bolsillos para su uso sobre las ba\u00f1eras, cunas, c\u00f3modas\u00a0o incluso sobre la cama para cambiar y vestir a t\u00fa beb\u00e9, es suave y bien acolchado.\u00a0Podr\u00e1s lavarlo f\u00e1cilmente con un trapo h\u00famedo o una esponja.<\/p>\n<\/p>\n<p><strong>Caracter\u00edsticas t\u00e9cnicas:<\/strong><\/p>\n<ul>\n<li>Suave cambiador con base\u00a0blanda<\/li>\n<li>Cambiador blando con bolsillo en la parte inferior para utilizarlo en los mueble ba\u00f1era o encima de una mesa<\/li>\n<\/ul>\n<\/p>\n<p><strong>Seguridad<\/strong><\/p>\n<ul>\n<li>Conforme a la normativa europea EN12221-1\/2<\/li>\n<li>Edad de uso: ideal para beb\u00e9s de hasta 12 meses aprox<\/li>\n<li>Test de estabilidad lateral y frontal para evitar el volqueo con el beb\u00e9 dentro<\/li>\n<li>Materiales totalmente at\u00f3xicos (EN71) y sin ftalatos ( norma2005\/84\/CE)<\/li>\n<\/ul>\n<\/p>\n<p><strong>Dimensiones y Peso<\/strong><\/p>\n<p>Medidas:\u00a0<span>80 x 50 x 10<\/span>\u00a0cm (Largo x Ancho x Alto) \u00a0| \u00a0Peso: 0.8\u00a0Kg<\/p>\n<\/p>\n<\/p>\n<p>SUJETO A DISPONIBILIDAD<\/p>\n","protected":false},"excerpt":{"rendered":"<p><span>Cambiador flexible universal de CAM para cualquier tipo de mueble con cambiador, f\u00e1cil de limpiar con un trapo h\u00famedo o una esponja, ideal para beb\u00e9s desde 0 a 12 meses.<\/span><\/p>\n","protected":false},"featured_media":234759,"comment_status":"open","ping_status":"closed","template":"","meta":{"_et_pb_use_builder":"","_et_pb_old_content":"","_et_gb_content_width":""},"pwb-brand":[5251],"product_brand":[],"product_cat":[6274,5869],"product_tag":[],"class_list":{"0":"post-260478","1":"product","2":"type-product","3":"status-publish","4":"has-post-thumbnail","6":"pwb-brand-cam","7":"product_cat-cambiadores-eu","8":"product_cat-productos-destacados-eu","10":"first","11":"instock","12":"taxable","13":"shipping-taxable","14":"purchasable","15":"product-type-variable"},"yoast_head":"<!-- This site is optimized with the Yoast SEO plugin v27.4 - https:\/\/yoast.com\/product\/yoast-seo-wordpress\/ -->\n<title>Cambiador Blando Fasciatoio Asia de CAM - Gaspachitos<\/title>\n<meta name=\"description\" content=\"comprar cambiador blando fasciatoio asia de cam online o en nuestras tiendas Gaspachitos en Palencia, Valladolid, Cantabria\" \/>\n<meta name=\"robots\" content=\"index, follow, max-snippet:-1, max-image-preview:large, max-video-preview:-1\" \/>\n<link rel=\"canonical\" href=\"https:\/\/gaspachitos.com\/producto\/cambiador-blando-fasciatoio-asia-de-cam\/\" \/>\n<meta property=\"og:locale\" content=\"eu_ES\" \/>\n<meta property=\"og:type\" content=\"article\" \/>\n<meta property=\"og:title\" content=\"Cambiador Blando Fasciatoio Asia de CAM - Gaspachitos\" \/>\n<meta property=\"og:description\" content=\"comprar cambiador blando fasciatoio asia de cam online o en nuestras tiendas Gaspachitos en Palencia, Valladolid, Cantabria\" \/>\n<meta property=\"og:url\" content=\"https:\/\/gaspachitos.com\/producto\/cambiador-blando-fasciatoio-asia-de-cam\/\" \/>\n<meta property=\"og:site_name\" content=\"Gaspachitos\" \/>\n<meta property=\"og:image\" content=\"https:\/\/gaspachitos.com\/wp-content\/uploads\/2016\/06\/12098-thickbox_default-Cambiador-Rigido-Babyblock-de-CAM.jpg\" \/>\n\t<meta property=\"og:image:width\" content=\"800\" \/>\n\t<meta property=\"og:image:height\" content=\"800\" \/>\n\t<meta property=\"og:image:type\" content=\"image\/jpeg\" \/>\n<meta name=\"twitter:card\" content=\"summary_large_image\" \/>\n<meta name=\"twitter:label1\" content=\"Est. reading time\" \/>\n\t<meta name=\"twitter:data1\" content=\"1 minute\" \/>\n<script type=\"application\/ld+json\" class=\"yoast-schema-graph\">{\"@context\":\"https:\\\/\\\/schema.org\",\"@graph\":[{\"@type\":\"WebPage\",\"@id\":\"https:\\\/\\\/gaspachitos.com\\\/producto\\\/cambiador-blando-fasciatoio-asia-de-cam\\\/\",\"url\":\"https:\\\/\\\/gaspachitos.com\\\/producto\\\/cambiador-blando-fasciatoio-asia-de-cam\\\/\",\"name\":\"Cambiador Blando Fasciatoio Asia de CAM - Gaspachitos\",\"isPartOf\":{\"@id\":\"https:\\\/\\\/gaspachitos.com\\\/#website\"},\"primaryImageOfPage\":{\"@id\":\"https:\\\/\\\/gaspachitos.com\\\/producto\\\/cambiador-blando-fasciatoio-asia-de-cam\\\/#primaryimage\"},\"image\":{\"@id\":\"https:\\\/\\\/gaspachitos.com\\\/producto\\\/cambiador-blando-fasciatoio-asia-de-cam\\\/#primaryimage\"},\"thumbnailUrl\":\"https:\\\/\\\/gaspachitos.com\\\/wp-content\\\/uploads\\\/2016\\\/06\\\/12098-thickbox_default-Cambiador-Rigido-Babyblock-de-CAM.jpg\",\"datePublished\":\"2016-06-08T17:39:18+00:00\",\"description\":\"comprar cambiador blando fasciatoio asia de cam online o en nuestras tiendas Gaspachitos en Palencia, Valladolid, Cantabria\",\"breadcrumb\":{\"@id\":\"https:\\\/\\\/gaspachitos.com\\\/producto\\\/cambiador-blando-fasciatoio-asia-de-cam\\\/#breadcrumb\"},\"inLanguage\":\"eu-ES\",\"potentialAction\":[{\"@type\":\"ReadAction\",\"target\":[\"https:\\\/\\\/gaspachitos.com\\\/producto\\\/cambiador-blando-fasciatoio-asia-de-cam\\\/\"]}]},{\"@type\":\"ImageObject\",\"inLanguage\":\"eu-ES\",\"@id\":\"https:\\\/\\\/gaspachitos.com\\\/producto\\\/cambiador-blando-fasciatoio-asia-de-cam\\\/#primaryimage\",\"url\":\"https:\\\/\\\/gaspachitos.com\\\/wp-content\\\/uploads\\\/2016\\\/06\\\/12098-thickbox_default-Cambiador-Rigido-Babyblock-de-CAM.jpg\",\"contentUrl\":\"https:\\\/\\\/gaspachitos.com\\\/wp-content\\\/uploads\\\/2016\\\/06\\\/12098-thickbox_default-Cambiador-Rigido-Babyblock-de-CAM.jpg\",\"width\":800,\"height\":800},{\"@type\":\"BreadcrumbList\",\"@id\":\"https:\\\/\\\/gaspachitos.com\\\/producto\\\/cambiador-blando-fasciatoio-asia-de-cam\\\/#breadcrumb\",\"itemListElement\":[{\"@type\":\"ListItem\",\"position\":1,\"name\":\"Portada\",\"item\":\"https:\\\/\\\/gaspachitos.com\\\/\"},{\"@type\":\"ListItem\",\"position\":2,\"name\":\"Produtos\",\"item\":\"https:\\\/\\\/gaspachitos.com\\\/gl\\\/shop\\\/\"},{\"@type\":\"ListItem\",\"position\":3,\"name\":\"Cambiador Blando Fasciatoio Asia de CAM\"}]},{\"@type\":\"WebSite\",\"@id\":\"https:\\\/\\\/gaspachitos.com\\\/#website\",\"url\":\"https:\\\/\\\/gaspachitos.com\\\/\",\"name\":\"Gaspachitos\",\"description\":\"La tienda para tu beb\u00e9: cochecitos, sillas de paseo, cunas...\",\"potentialAction\":[{\"@type\":\"SearchAction\",\"target\":{\"@type\":\"EntryPoint\",\"urlTemplate\":\"https:\\\/\\\/gaspachitos.com\\\/?s={search_term_string}\"},\"query-input\":{\"@type\":\"PropertyValueSpecification\",\"valueRequired\":true,\"valueName\":\"search_term_string\"}}],\"inLanguage\":\"eu-ES\"}]}<\/script>\n<!-- \/ Yoast SEO plugin. -->","yoast_head_json":{"title":"Cambiador Blando Fasciatoio Asia de CAM - Gaspachitos","description":"comprar cambiador blando fasciatoio asia de cam online o en nuestras tiendas Gaspachitos en Palencia, Valladolid, Cantabria","robots":{"index":"index","follow":"follow","max-snippet":"max-snippet:-1","max-image-preview":"max-image-preview:large","max-video-preview":"max-video-preview:-1"},"canonical":"https:\/\/gaspachitos.com\/producto\/cambiador-blando-fasciatoio-asia-de-cam\/","og_locale":"eu_ES","og_type":"article","og_title":"Cambiador Blando Fasciatoio Asia de CAM - Gaspachitos","og_description":"comprar cambiador blando fasciatoio asia de cam online o en nuestras tiendas Gaspachitos en Palencia, Valladolid, Cantabria","og_url":"https:\/\/gaspachitos.com\/producto\/cambiador-blando-fasciatoio-asia-de-cam\/","og_site_name":"Gaspachitos","og_image":[{"width":800,"height":800,"url":"https:\/\/gaspachitos.com\/wp-content\/uploads\/2016\/06\/12098-thickbox_default-Cambiador-Rigido-Babyblock-de-CAM.jpg","type":"image\/jpeg"}],"twitter_card":"summary_large_image","twitter_misc":{"Est. reading time":"1 minute"},"schema":{"@context":"https:\/\/schema.org","@graph":[{"@type":"WebPage","@id":"https:\/\/gaspachitos.com\/producto\/cambiador-blando-fasciatoio-asia-de-cam\/","url":"https:\/\/gaspachitos.com\/producto\/cambiador-blando-fasciatoio-asia-de-cam\/","name":"Cambiador Blando Fasciatoio Asia de CAM - Gaspachitos","isPartOf":{"@id":"https:\/\/gaspachitos.com\/#website"},"primaryImageOfPage":{"@id":"https:\/\/gaspachitos.com\/producto\/cambiador-blando-fasciatoio-asia-de-cam\/#primaryimage"},"image":{"@id":"https:\/\/gaspachitos.com\/producto\/cambiador-blando-fasciatoio-asia-de-cam\/#primaryimage"},"thumbnailUrl":"https:\/\/gaspachitos.com\/wp-content\/uploads\/2016\/06\/12098-thickbox_default-Cambiador-Rigido-Babyblock-de-CAM.jpg","datePublished":"2016-06-08T17:39:18+00:00","description":"comprar cambiador blando fasciatoio asia de cam online o en nuestras tiendas Gaspachitos en Palencia, Valladolid, Cantabria","breadcrumb":{"@id":"https:\/\/gaspachitos.com\/producto\/cambiador-blando-fasciatoio-asia-de-cam\/#breadcrumb"},"inLanguage":"eu-ES","potentialAction":[{"@type":"ReadAction","target":["https:\/\/gaspachitos.com\/producto\/cambiador-blando-fasciatoio-asia-de-cam\/"]}]},{"@type":"ImageObject","inLanguage":"eu-ES","@id":"https:\/\/gaspachitos.com\/producto\/cambiador-blando-fasciatoio-asia-de-cam\/#primaryimage","url":"https:\/\/gaspachitos.com\/wp-content\/uploads\/2016\/06\/12098-thickbox_default-Cambiador-Rigido-Babyblock-de-CAM.jpg","contentUrl":"https:\/\/gaspachitos.com\/wp-content\/uploads\/2016\/06\/12098-thickbox_default-Cambiador-Rigido-Babyblock-de-CAM.jpg","width":800,"height":800},{"@type":"BreadcrumbList","@id":"https:\/\/gaspachitos.com\/producto\/cambiador-blando-fasciatoio-asia-de-cam\/#breadcrumb","itemListElement":[{"@type":"ListItem","position":1,"name":"Portada","item":"https:\/\/gaspachitos.com\/"},{"@type":"ListItem","position":2,"name":"Produtos","item":"https:\/\/gaspachitos.com\/gl\/shop\/"},{"@type":"ListItem","position":3,"name":"Cambiador Blando Fasciatoio Asia de CAM"}]},{"@type":"WebSite","@id":"https:\/\/gaspachitos.com\/#website","url":"https:\/\/gaspachitos.com\/","name":"Gaspachitos","description":"La tienda para tu beb\u00e9: cochecitos, sillas de paseo, cunas...","potentialAction":[{"@type":"SearchAction","target":{"@type":"EntryPoint","urlTemplate":"https:\/\/gaspachitos.com\/?s={search_term_string}"},"query-input":{"@type":"PropertyValueSpecification","valueRequired":true,"valueName":"search_term_string"}}],"inLanguage":"eu-ES"}]}},"brands":[{"id":5251,"name":"Cam","slug":"cam"}],"_links":{"self":[{"href":"https:\/\/gaspachitos.com\/eu\/wp-json\/wp\/v2\/product\/260478","targetHints":{"allow":["GET"]}}],"collection":[{"href":"https:\/\/gaspachitos.com\/eu\/wp-json\/wp\/v2\/product"}],"about":[{"href":"https:\/\/gaspachitos.com\/eu\/wp-json\/wp\/v2\/types\/product"}],"replies":[{"embeddable":true,"href":"https:\/\/gaspachitos.com\/eu\/wp-json\/wp\/v2\/comments?post=260478"}],"wp:featuredmedia":[{"embeddable":true,"href":"https:\/\/gaspachitos.com\/eu\/wp-json\/wp\/v2\/media\/234759"}],"wp:attachment":[{"href":"https:\/\/gaspachitos.com\/eu\/wp-json\/wp\/v2\/media?parent=260478"}],"wp:term":[{"taxonomy":"pwb-brand","embeddable":true,"href":"https:\/\/gaspachitos.com\/eu\/wp-json\/wp\/v2\/pwb-brand?post=260478"},{"taxonomy":"product_brand","embeddable":true,"href":"https:\/\/gaspachitos.com\/eu\/wp-json\/wp\/v2\/product_brand?post=260478"},{"taxonomy":"product_cat","embeddable":true,"href":"https:\/\/gaspachitos.com\/eu\/wp-json\/wp\/v2\/product_cat?post=260478"},{"taxonomy":"product_tag","embeddable":true,"href":"https:\/\/gaspachitos.com\/eu\/wp-json\/wp\/v2\/product_tag?post=260478"}],"curies":[{"name":"wp","href":"https:\/\/api.w.org\/{rel}","templated":true}]}}