{"id":260287,"date":"2016-06-07T19:09:31","date_gmt":"2016-06-07T17:09:31","guid":{"rendered":"https:\/\/nueva.gaspachitos.com\/producto\/banera-cambiador-de-bano-volare-de-cam\/"},"modified":"2016-06-07T19:09:31","modified_gmt":"2016-06-07T17:09:31","slug":"banera-cambiador-de-bano-volare-de-cam","status":"publish","type":"product","link":"https:\/\/gaspachitos.com\/eu\/producto\/banera-cambiador-de-bano-volare-de-cam\/","title":{"rendered":"Ba\u00f1era + Cambiador de Ba\u00f1o Volare de CAM"},"content":{"rendered":"<h2><strong><span style=\"font-family:verdana;\">Ba\u00f1era \/ Cambiador Volare<\/span><\/strong><\/h2>\n<p><span>La\u00a0ba\u00f1era para beb\u00e9\u00a0Volare de CAM tiene un cambiador muy acolchado con sistema de seguridad anti-cierre, y una bandeja porta objetos donde poner todo lo que necesita para cambiar y ba\u00f1ar al bebe.<\/span><\/p>\n<p><span>La cubeta es amplia y anat\u00f3mica, con doble posici\u00f3n de utilizaci\u00f3n: una posici\u00f3n reclinada para ni\u00f1os de 0 a 6 meses, y un asiento para ni\u00f1os de 6 a 12 meses.\u00a0<\/span>Pr\u00e1ctico para qui\u00e9n tiene problemas de espacios porque est\u00e1 estudiado para ser colocado sobre los sanitarios.<\/p>\n<\/p>\n<p><strong>Caracter\u00edsticas t\u00e9cnicas:<\/strong><\/p>\n<ul>\n<li>Blando cambiador con sistema anti-vuelco y anti-cierre<\/li>\n<li>La ba\u00f1era se usa en forma de\u00a02 asientos anat\u00f3micos (de 0-6 meses y de 6-12 meses)<\/li>\n<li>Compartimentos porta champ\u00fas y esponjas<\/li>\n<li>Tap\u00f3n y tubo para el desag\u00fce para el agua<\/li>\n<li>Bandeja portaobjetos inferior, se puede colocar encima del bidet<\/li>\n<li>Cierre muy compacto<\/li>\n<\/ul>\n<\/p>\n<p><strong>Seguridad<\/strong><\/p>\n<ul>\n<li>Conforme a la normativa europea EN12221-1\/2<\/li>\n<li>Edad de uso: ideal para beb\u00e9s de hasta 12 meses aprox<\/li>\n<li>Test de estabilidad lateral y frontal para evitar el volqueo con el beb\u00e9 dentro<\/li>\n<li>Materiales totalmente at\u00f3xicos (EN71) y sin ftalatos ( norma2005\/84\/CE)<\/li>\n<\/ul>\n<\/p>\n<p><strong>Dimensiones y Peso<\/strong><\/p>\n<p>Medidas desplegadas:\u00a0<span>77,5 x 69 x 101<\/span>\u00a0cm (Largo x Ancho x Alto) \u00a0| \u00a0Peso: 8.2 Kg<\/p>\n<p>Medidas plegadas:\u00a0<span>72,5 x 22 x 108<\/span>\u00a0cm (Largo x Ancho x Alto)<\/p>\n<\/p>\n<\/p>\n<p>SUJETO A DISPONIBILIDAD<\/p>\n","protected":false},"excerpt":{"rendered":"<p><span>Volare\u00a0de la marca CAM es una ba\u00f1era para beb\u00e9s con cambiador, pata de tijera plegable con bandeja para colocar los accesorios de ba\u00f1o de su beb\u00e9. Muy \u00fatil para colocarla encima del bid\u00e9 y reducir espacio.\u00a0<\/span><\/p>\n","protected":false},"featured_media":260214,"comment_status":"open","ping_status":"closed","template":"","meta":{"_et_pb_use_builder":"","_et_pb_old_content":"","_et_gb_content_width":""},"pwb-brand":[5251],"product_brand":[],"product_cat":[6166,5869],"product_tag":[],"class_list":{"0":"post-260287","1":"product","2":"type-product","3":"status-publish","4":"has-post-thumbnail","6":"pwb-brand-cam","7":"product_cat-baneras-cambiador-eu","8":"product_cat-productos-destacados-eu","9":"pa_color-gris-eu","10":"pa_color-grisclaro-eu","11":"pa_color-marronbeige-eu","13":"first","14":"instock","15":"taxable","16":"shipping-taxable","17":"purchasable","18":"product-type-variable","19":"has-default-attributes"},"yoast_head":"<!-- This site is optimized with the Yoast SEO plugin v27.5 - https:\/\/yoast.com\/product\/yoast-seo-wordpress\/ -->\n<title>Ba\u00f1era + Cambiador de Ba\u00f1o Volare de CAM - Gaspachitos<\/title>\n<meta name=\"description\" content=\"comprar ba\u00f1era + cambiador de ba\u00f1o volare de cam online o en nuestras tiendas Gaspachitos en Palencia, Valladolid, Palencia\" \/>\n<meta name=\"robots\" content=\"index, follow, max-snippet:-1, max-image-preview:large, max-video-preview:-1\" \/>\n<link rel=\"canonical\" href=\"https:\/\/gaspachitos.com\/producto\/banera-cambiador-de-bano-volare-de-cam\/\" \/>\n<meta property=\"og:locale\" content=\"eu_ES\" \/>\n<meta property=\"og:type\" content=\"article\" \/>\n<meta property=\"og:title\" content=\"Ba\u00f1era + Cambiador de Ba\u00f1o Volare de CAM - Gaspachitos\" \/>\n<meta property=\"og:description\" content=\"comprar ba\u00f1era + cambiador de ba\u00f1o volare de cam online o en nuestras tiendas Gaspachitos en Palencia, Valladolid, Palencia\" \/>\n<meta property=\"og:url\" content=\"https:\/\/gaspachitos.com\/producto\/banera-cambiador-de-bano-volare-de-cam\/\" \/>\n<meta property=\"og:site_name\" content=\"Gaspachitos\" \/>\n<meta property=\"og:image\" content=\"https:\/\/gaspachitos.com\/wp-content\/uploads\/2016\/06\/11845-thickbox_default-Banera-Cambiador-Volare-de-CAM.jpg\" \/>\n\t<meta property=\"og:image:width\" content=\"800\" \/>\n\t<meta property=\"og:image:height\" content=\"800\" \/>\n\t<meta property=\"og:image:type\" content=\"image\/jpeg\" \/>\n<meta name=\"twitter:card\" content=\"summary_large_image\" \/>\n<meta name=\"twitter:label1\" content=\"Est. reading time\" \/>\n\t<meta name=\"twitter:data1\" content=\"1 minute\" \/>\n<script type=\"application\/ld+json\" class=\"yoast-schema-graph\">{\"@context\":\"https:\\\/\\\/schema.org\",\"@graph\":[{\"@type\":\"WebPage\",\"@id\":\"https:\\\/\\\/gaspachitos.com\\\/producto\\\/banera-cambiador-de-bano-volare-de-cam\\\/\",\"url\":\"https:\\\/\\\/gaspachitos.com\\\/producto\\\/banera-cambiador-de-bano-volare-de-cam\\\/\",\"name\":\"Ba\u00f1era + Cambiador de Ba\u00f1o Volare de CAM - Gaspachitos\",\"isPartOf\":{\"@id\":\"https:\\\/\\\/gaspachitos.com\\\/#website\"},\"primaryImageOfPage\":{\"@id\":\"https:\\\/\\\/gaspachitos.com\\\/producto\\\/banera-cambiador-de-bano-volare-de-cam\\\/#primaryimage\"},\"image\":{\"@id\":\"https:\\\/\\\/gaspachitos.com\\\/producto\\\/banera-cambiador-de-bano-volare-de-cam\\\/#primaryimage\"},\"thumbnailUrl\":\"https:\\\/\\\/gaspachitos.com\\\/wp-content\\\/uploads\\\/2016\\\/06\\\/11845-thickbox_default-Banera-Cambiador-Volare-de-CAM.jpg\",\"datePublished\":\"2016-06-07T17:09:31+00:00\",\"description\":\"comprar ba\u00f1era + cambiador de ba\u00f1o volare de cam online o en nuestras tiendas Gaspachitos en Palencia, Valladolid, Palencia\",\"breadcrumb\":{\"@id\":\"https:\\\/\\\/gaspachitos.com\\\/producto\\\/banera-cambiador-de-bano-volare-de-cam\\\/#breadcrumb\"},\"inLanguage\":\"eu-ES\",\"potentialAction\":[{\"@type\":\"ReadAction\",\"target\":[\"https:\\\/\\\/gaspachitos.com\\\/producto\\\/banera-cambiador-de-bano-volare-de-cam\\\/\"]}]},{\"@type\":\"ImageObject\",\"inLanguage\":\"eu-ES\",\"@id\":\"https:\\\/\\\/gaspachitos.com\\\/producto\\\/banera-cambiador-de-bano-volare-de-cam\\\/#primaryimage\",\"url\":\"https:\\\/\\\/gaspachitos.com\\\/wp-content\\\/uploads\\\/2016\\\/06\\\/11845-thickbox_default-Banera-Cambiador-Volare-de-CAM.jpg\",\"contentUrl\":\"https:\\\/\\\/gaspachitos.com\\\/wp-content\\\/uploads\\\/2016\\\/06\\\/11845-thickbox_default-Banera-Cambiador-Volare-de-CAM.jpg\",\"width\":800,\"height\":800,\"caption\":\"Ba\u00f1era + Cambiador Volare de CAM\"},{\"@type\":\"BreadcrumbList\",\"@id\":\"https:\\\/\\\/gaspachitos.com\\\/producto\\\/banera-cambiador-de-bano-volare-de-cam\\\/#breadcrumb\",\"itemListElement\":[{\"@type\":\"ListItem\",\"position\":1,\"name\":\"Portada\",\"item\":\"https:\\\/\\\/gaspachitos.com\\\/\"},{\"@type\":\"ListItem\",\"position\":2,\"name\":\"Produtos\",\"item\":\"https:\\\/\\\/gaspachitos.com\\\/gl\\\/shop\\\/\"},{\"@type\":\"ListItem\",\"position\":3,\"name\":\"Ba\u00f1era + Cambiador de Ba\u00f1o Volare de CAM\"}]},{\"@type\":\"WebSite\",\"@id\":\"https:\\\/\\\/gaspachitos.com\\\/#website\",\"url\":\"https:\\\/\\\/gaspachitos.com\\\/\",\"name\":\"Gaspachitos\",\"description\":\"La tienda para tu beb\u00e9: cochecitos, sillas de paseo, cunas...\",\"potentialAction\":[{\"@type\":\"SearchAction\",\"target\":{\"@type\":\"EntryPoint\",\"urlTemplate\":\"https:\\\/\\\/gaspachitos.com\\\/?s={search_term_string}\"},\"query-input\":{\"@type\":\"PropertyValueSpecification\",\"valueRequired\":true,\"valueName\":\"search_term_string\"}}],\"inLanguage\":\"eu-ES\"}]}<\/script>\n<!-- \/ Yoast SEO plugin. -->","yoast_head_json":{"title":"Ba\u00f1era + Cambiador de Ba\u00f1o Volare de CAM - Gaspachitos","description":"comprar ba\u00f1era + cambiador de ba\u00f1o volare de cam online o en nuestras tiendas Gaspachitos en Palencia, Valladolid, Palencia","robots":{"index":"index","follow":"follow","max-snippet":"max-snippet:-1","max-image-preview":"max-image-preview:large","max-video-preview":"max-video-preview:-1"},"canonical":"https:\/\/gaspachitos.com\/producto\/banera-cambiador-de-bano-volare-de-cam\/","og_locale":"eu_ES","og_type":"article","og_title":"Ba\u00f1era + Cambiador de Ba\u00f1o Volare de CAM - Gaspachitos","og_description":"comprar ba\u00f1era + cambiador de ba\u00f1o volare de cam online o en nuestras tiendas Gaspachitos en Palencia, Valladolid, Palencia","og_url":"https:\/\/gaspachitos.com\/producto\/banera-cambiador-de-bano-volare-de-cam\/","og_site_name":"Gaspachitos","og_image":[{"width":800,"height":800,"url":"https:\/\/gaspachitos.com\/wp-content\/uploads\/2016\/06\/11845-thickbox_default-Banera-Cambiador-Volare-de-CAM.jpg","type":"image\/jpeg"}],"twitter_card":"summary_large_image","twitter_misc":{"Est. reading time":"1 minute"},"schema":{"@context":"https:\/\/schema.org","@graph":[{"@type":"WebPage","@id":"https:\/\/gaspachitos.com\/producto\/banera-cambiador-de-bano-volare-de-cam\/","url":"https:\/\/gaspachitos.com\/producto\/banera-cambiador-de-bano-volare-de-cam\/","name":"Ba\u00f1era + Cambiador de Ba\u00f1o Volare de CAM - Gaspachitos","isPartOf":{"@id":"https:\/\/gaspachitos.com\/#website"},"primaryImageOfPage":{"@id":"https:\/\/gaspachitos.com\/producto\/banera-cambiador-de-bano-volare-de-cam\/#primaryimage"},"image":{"@id":"https:\/\/gaspachitos.com\/producto\/banera-cambiador-de-bano-volare-de-cam\/#primaryimage"},"thumbnailUrl":"https:\/\/gaspachitos.com\/wp-content\/uploads\/2016\/06\/11845-thickbox_default-Banera-Cambiador-Volare-de-CAM.jpg","datePublished":"2016-06-07T17:09:31+00:00","description":"comprar ba\u00f1era + cambiador de ba\u00f1o volare de cam online o en nuestras tiendas Gaspachitos en Palencia, Valladolid, Palencia","breadcrumb":{"@id":"https:\/\/gaspachitos.com\/producto\/banera-cambiador-de-bano-volare-de-cam\/#breadcrumb"},"inLanguage":"eu-ES","potentialAction":[{"@type":"ReadAction","target":["https:\/\/gaspachitos.com\/producto\/banera-cambiador-de-bano-volare-de-cam\/"]}]},{"@type":"ImageObject","inLanguage":"eu-ES","@id":"https:\/\/gaspachitos.com\/producto\/banera-cambiador-de-bano-volare-de-cam\/#primaryimage","url":"https:\/\/gaspachitos.com\/wp-content\/uploads\/2016\/06\/11845-thickbox_default-Banera-Cambiador-Volare-de-CAM.jpg","contentUrl":"https:\/\/gaspachitos.com\/wp-content\/uploads\/2016\/06\/11845-thickbox_default-Banera-Cambiador-Volare-de-CAM.jpg","width":800,"height":800,"caption":"Ba\u00f1era + Cambiador Volare de CAM"},{"@type":"BreadcrumbList","@id":"https:\/\/gaspachitos.com\/producto\/banera-cambiador-de-bano-volare-de-cam\/#breadcrumb","itemListElement":[{"@type":"ListItem","position":1,"name":"Portada","item":"https:\/\/gaspachitos.com\/"},{"@type":"ListItem","position":2,"name":"Produtos","item":"https:\/\/gaspachitos.com\/gl\/shop\/"},{"@type":"ListItem","position":3,"name":"Ba\u00f1era + Cambiador de Ba\u00f1o Volare de CAM"}]},{"@type":"WebSite","@id":"https:\/\/gaspachitos.com\/#website","url":"https:\/\/gaspachitos.com\/","name":"Gaspachitos","description":"La tienda para tu beb\u00e9: cochecitos, sillas de paseo, cunas...","potentialAction":[{"@type":"SearchAction","target":{"@type":"EntryPoint","urlTemplate":"https:\/\/gaspachitos.com\/?s={search_term_string}"},"query-input":{"@type":"PropertyValueSpecification","valueRequired":true,"valueName":"search_term_string"}}],"inLanguage":"eu-ES"}]}},"brands":[{"id":5251,"name":"Cam","slug":"cam"}],"_links":{"self":[{"href":"https:\/\/gaspachitos.com\/eu\/wp-json\/wp\/v2\/product\/260287","targetHints":{"allow":["GET"]}}],"collection":[{"href":"https:\/\/gaspachitos.com\/eu\/wp-json\/wp\/v2\/product"}],"about":[{"href":"https:\/\/gaspachitos.com\/eu\/wp-json\/wp\/v2\/types\/product"}],"replies":[{"embeddable":true,"href":"https:\/\/gaspachitos.com\/eu\/wp-json\/wp\/v2\/comments?post=260287"}],"wp:featuredmedia":[{"embeddable":true,"href":"https:\/\/gaspachitos.com\/eu\/wp-json\/wp\/v2\/media\/260214"}],"wp:attachment":[{"href":"https:\/\/gaspachitos.com\/eu\/wp-json\/wp\/v2\/media?parent=260287"}],"wp:term":[{"taxonomy":"pwb-brand","embeddable":true,"href":"https:\/\/gaspachitos.com\/eu\/wp-json\/wp\/v2\/pwb-brand?post=260287"},{"taxonomy":"product_brand","embeddable":true,"href":"https:\/\/gaspachitos.com\/eu\/wp-json\/wp\/v2\/product_brand?post=260287"},{"taxonomy":"product_cat","embeddable":true,"href":"https:\/\/gaspachitos.com\/eu\/wp-json\/wp\/v2\/product_cat?post=260287"},{"taxonomy":"product_tag","embeddable":true,"href":"https:\/\/gaspachitos.com\/eu\/wp-json\/wp\/v2\/product_tag?post=260287"}],"curies":[{"name":"wp","href":"https:\/\/api.w.org\/{rel}","templated":true}]}}