{"id":259705,"date":"2013-05-14T18:18:04","date_gmt":"2013-05-14T16:18:04","guid":{"rendered":"https:\/\/nueva.gaspachitos.com\/producto\/hamaca-balance-soft-caqui-beige-algodon-de-babybjoern\/"},"modified":"2013-05-14T18:18:04","modified_gmt":"2013-05-14T16:18:04","slug":"hamaca-balance-soft-caqui-beige-algodon-de-babybjoern","status":"publish","type":"product","link":"https:\/\/gaspachitos.com\/eu\/producto\/hamaca-balance-soft-caqui-beige-algodon-de-babybjoern\/","title":{"rendered":"Hamaca BALANCE SOFT Caqui \/ Beige, Algod\u00f3n de BABYBJ\u00d6RN"},"content":{"rendered":"<ul>\n<li>Su delicado dise\u00f1o produce una sensaci\u00f3n muy acogedora<\/li>\n<\/ul>\n<p>El tejido suave, las formas redondeadas y su dise\u00f1o, crean una sensaci\u00f3n especialmente acogedora para tu beb\u00e9.<\/p>\n<ul>\n<li>Un vaiv\u00e9n que desarrolla la motricidad y el equilibrio<\/li>\n<\/ul>\n<p>El agradable vaiv\u00e9n desarrolla la motricidad y el equilibrio de tu beb\u00e9 de manera natural.<\/p>\n<ul>\n<li>Apoyo adecuado para la cabeza y la espalda<\/li>\n<\/ul>\n<p>Gracias al dise\u00f1o ergon\u00f3mico de la hamaca, tu beb\u00e9 tiene un apoyo \u00f3ptimo desde reci\u00e9n nacido.<\/p>\n<p>Caracter\u00edsticas:<\/p>\n<p><strong>Edad<\/strong><br \/>Desde reci\u00e9n nacido hasta 2 a\u00f1os aproximadamente (3,5 a 13 kg).\u00a0<\/p>\n<p><strong>Material<\/strong><br \/>El tejido es 100% algod\u00f3n. El acolchado es 100% poli\u00e9ster.<\/p>\n<p>Los tejidos en contacto con el ni\u00f1o, han sido probados y homologados seg\u00fan la norma \u00d6ko-Tex 100, clase 1para productos para beb\u00e9s. Est\u00e1n garantizados como inofensivos para la delicada piel del beb\u00e9, y no causan alergias.<\/p>\n<p><strong>Peso y dimensiones<\/strong><br \/>Peso: 2,1 kg<br \/>Altura\/longitud\/anchura en la posici\u00f3n superior: 58 x 89 x 39 cm<br \/>Altura\/longitud\/anchura en modo de transporte: 11 x 89 x 39 cm<\/p>\n<p><strong>Instrucciones de lavado<\/strong><br \/>El tejido es muy f\u00e1cil de quitar. Lavar a m\u00e1quina a 40\u00b0C. Simplemente afloja las dos cintas el\u00e1sticas en la parte inferior y retira el asiento de tela del bastidor.<\/p>\n<p>\u00a0<\/p>\n<p>SUJETO A DISPONIBILIDAD<\/p>\n","protected":false},"excerpt":{"rendered":"<h2 class=\"tagline\"><span style=\"font-size:8pt;\">Vaiv\u00e9n natural y divertido<\/span><\/h2>\n","protected":false},"featured_media":259689,"comment_status":"open","ping_status":"closed","template":"","meta":{"_et_pb_use_builder":"","_et_pb_old_content":"","_et_gb_content_width":""},"pwb-brand":[5206],"product_brand":[],"product_cat":[6139],"product_tag":[],"class_list":{"0":"post-259705","1":"product","2":"type-product","3":"status-publish","4":"has-post-thumbnail","6":"pwb-brand-babybjorn","7":"product_cat-hamacas-gandulitas-eu","9":"first","10":"onbackorder","11":"taxable","12":"shipping-taxable","13":"purchasable","14":"product-type-simple"},"yoast_head":"<!-- This site is optimized with the Yoast SEO plugin v27.4 - https:\/\/yoast.com\/product\/yoast-seo-wordpress\/ -->\n<title>Hamaca BALANCE SOFT Caqui \/ Beige, Algod\u00f3n de BABYBJ\u00d6RN - Gaspachitos<\/title>\n<meta name=\"description\" content=\"Compra la Hamaca BALANCE SOFT Caqui \/ Beige, Algod\u00f3n de BABYBJ\u00d6RN online o en nuestras tiendas Gaspachitos de Palencia, Valladolid o Cantabria\" \/>\n<meta name=\"robots\" content=\"index, follow, max-snippet:-1, max-image-preview:large, max-video-preview:-1\" \/>\n<link rel=\"canonical\" href=\"https:\/\/gaspachitos.com\/producto\/hamaca-balance-soft-caqui-beige-algodon-de-babybjoern\/\" \/>\n<meta property=\"og:locale\" content=\"eu_ES\" \/>\n<meta property=\"og:type\" content=\"article\" \/>\n<meta property=\"og:title\" content=\"Hamaca BALANCE SOFT Caqui \/ Beige, Algod\u00f3n de BABYBJ\u00d6RN - Gaspachitos\" \/>\n<meta property=\"og:description\" content=\"Compra la Hamaca BALANCE SOFT Caqui \/ Beige, Algod\u00f3n de BABYBJ\u00d6RN online o en nuestras tiendas Gaspachitos de Palencia, Valladolid o Cantabria\" \/>\n<meta property=\"og:url\" content=\"https:\/\/gaspachitos.com\/producto\/hamaca-balance-soft-caqui-beige-algodon-de-babybjoern\/\" \/>\n<meta property=\"og:site_name\" content=\"Gaspachitos\" \/>\n<meta property=\"og:image\" content=\"https:\/\/gaspachitos.com\/wp-content\/uploads\/2013\/05\/3413-thickbox_default-Hamaca-BALANCE-SOFT-Caqui-Beige-Algodon-de-BABYBORN.jpg\" \/>\n\t<meta property=\"og:image:width\" content=\"800\" \/>\n\t<meta property=\"og:image:height\" content=\"800\" \/>\n\t<meta property=\"og:image:type\" content=\"image\/jpeg\" \/>\n<meta name=\"twitter:card\" content=\"summary_large_image\" \/>\n<meta name=\"twitter:label1\" content=\"Est. reading time\" \/>\n\t<meta name=\"twitter:data1\" content=\"1 minute\" \/>\n<script type=\"application\/ld+json\" class=\"yoast-schema-graph\">{\"@context\":\"https:\\\/\\\/schema.org\",\"@graph\":[{\"@type\":\"WebPage\",\"@id\":\"https:\\\/\\\/gaspachitos.com\\\/producto\\\/hamaca-balance-soft-caqui-beige-algodon-de-babybjoern\\\/\",\"url\":\"https:\\\/\\\/gaspachitos.com\\\/producto\\\/hamaca-balance-soft-caqui-beige-algodon-de-babybjoern\\\/\",\"name\":\"Hamaca BALANCE SOFT Caqui \\\/ Beige, Algod\u00f3n de BABYBJ\u00d6RN - Gaspachitos\",\"isPartOf\":{\"@id\":\"https:\\\/\\\/gaspachitos.com\\\/#website\"},\"primaryImageOfPage\":{\"@id\":\"https:\\\/\\\/gaspachitos.com\\\/producto\\\/hamaca-balance-soft-caqui-beige-algodon-de-babybjoern\\\/#primaryimage\"},\"image\":{\"@id\":\"https:\\\/\\\/gaspachitos.com\\\/producto\\\/hamaca-balance-soft-caqui-beige-algodon-de-babybjoern\\\/#primaryimage\"},\"thumbnailUrl\":\"https:\\\/\\\/gaspachitos.com\\\/wp-content\\\/uploads\\\/2013\\\/05\\\/3413-thickbox_default-Hamaca-BALANCE-SOFT-Caqui-Beige-Algodon-de-BABYBORN.jpg\",\"datePublished\":\"2013-05-14T16:18:04+00:00\",\"description\":\"Compra la Hamaca BALANCE SOFT Caqui \\\/ Beige, Algod\u00f3n de BABYBJ\u00d6RN online o en nuestras tiendas Gaspachitos de Palencia, Valladolid o Cantabria\",\"breadcrumb\":{\"@id\":\"https:\\\/\\\/gaspachitos.com\\\/producto\\\/hamaca-balance-soft-caqui-beige-algodon-de-babybjoern\\\/#breadcrumb\"},\"inLanguage\":\"eu-ES\",\"potentialAction\":[{\"@type\":\"ReadAction\",\"target\":[\"https:\\\/\\\/gaspachitos.com\\\/producto\\\/hamaca-balance-soft-caqui-beige-algodon-de-babybjoern\\\/\"]}]},{\"@type\":\"ImageObject\",\"inLanguage\":\"eu-ES\",\"@id\":\"https:\\\/\\\/gaspachitos.com\\\/producto\\\/hamaca-balance-soft-caqui-beige-algodon-de-babybjoern\\\/#primaryimage\",\"url\":\"https:\\\/\\\/gaspachitos.com\\\/wp-content\\\/uploads\\\/2013\\\/05\\\/3413-thickbox_default-Hamaca-BALANCE-SOFT-Caqui-Beige-Algodon-de-BABYBORN.jpg\",\"contentUrl\":\"https:\\\/\\\/gaspachitos.com\\\/wp-content\\\/uploads\\\/2013\\\/05\\\/3413-thickbox_default-Hamaca-BALANCE-SOFT-Caqui-Beige-Algodon-de-BABYBORN.jpg\",\"width\":800,\"height\":800,\"caption\":\"Hamaca BALANCE SOFT Caqui \\\/ Beige, Algod\u00f3n de BABYB\u00d6RN\"},{\"@type\":\"BreadcrumbList\",\"@id\":\"https:\\\/\\\/gaspachitos.com\\\/producto\\\/hamaca-balance-soft-caqui-beige-algodon-de-babybjoern\\\/#breadcrumb\",\"itemListElement\":[{\"@type\":\"ListItem\",\"position\":1,\"name\":\"Portada\",\"item\":\"https:\\\/\\\/gaspachitos.com\\\/\"},{\"@type\":\"ListItem\",\"position\":2,\"name\":\"Produtos\",\"item\":\"https:\\\/\\\/gaspachitos.com\\\/gl\\\/shop\\\/\"},{\"@type\":\"ListItem\",\"position\":3,\"name\":\"Hamaca BALANCE SOFT Caqui \\\/ Beige, Algod\u00f3n de BABYBJ\u00d6RN\"}]},{\"@type\":\"WebSite\",\"@id\":\"https:\\\/\\\/gaspachitos.com\\\/#website\",\"url\":\"https:\\\/\\\/gaspachitos.com\\\/\",\"name\":\"Gaspachitos\",\"description\":\"La tienda para tu beb\u00e9: cochecitos, sillas de paseo, cunas...\",\"potentialAction\":[{\"@type\":\"SearchAction\",\"target\":{\"@type\":\"EntryPoint\",\"urlTemplate\":\"https:\\\/\\\/gaspachitos.com\\\/?s={search_term_string}\"},\"query-input\":{\"@type\":\"PropertyValueSpecification\",\"valueRequired\":true,\"valueName\":\"search_term_string\"}}],\"inLanguage\":\"eu-ES\"}]}<\/script>\n<!-- \/ Yoast SEO plugin. -->","yoast_head_json":{"title":"Hamaca BALANCE SOFT Caqui \/ Beige, Algod\u00f3n de BABYBJ\u00d6RN - Gaspachitos","description":"Compra la Hamaca BALANCE SOFT Caqui \/ Beige, Algod\u00f3n de BABYBJ\u00d6RN online o en nuestras tiendas Gaspachitos de Palencia, Valladolid o Cantabria","robots":{"index":"index","follow":"follow","max-snippet":"max-snippet:-1","max-image-preview":"max-image-preview:large","max-video-preview":"max-video-preview:-1"},"canonical":"https:\/\/gaspachitos.com\/producto\/hamaca-balance-soft-caqui-beige-algodon-de-babybjoern\/","og_locale":"eu_ES","og_type":"article","og_title":"Hamaca BALANCE SOFT Caqui \/ Beige, Algod\u00f3n de BABYBJ\u00d6RN - Gaspachitos","og_description":"Compra la Hamaca BALANCE SOFT Caqui \/ Beige, Algod\u00f3n de BABYBJ\u00d6RN online o en nuestras tiendas Gaspachitos de Palencia, Valladolid o Cantabria","og_url":"https:\/\/gaspachitos.com\/producto\/hamaca-balance-soft-caqui-beige-algodon-de-babybjoern\/","og_site_name":"Gaspachitos","og_image":[{"width":800,"height":800,"url":"https:\/\/gaspachitos.com\/wp-content\/uploads\/2013\/05\/3413-thickbox_default-Hamaca-BALANCE-SOFT-Caqui-Beige-Algodon-de-BABYBORN.jpg","type":"image\/jpeg"}],"twitter_card":"summary_large_image","twitter_misc":{"Est. reading time":"1 minute"},"schema":{"@context":"https:\/\/schema.org","@graph":[{"@type":"WebPage","@id":"https:\/\/gaspachitos.com\/producto\/hamaca-balance-soft-caqui-beige-algodon-de-babybjoern\/","url":"https:\/\/gaspachitos.com\/producto\/hamaca-balance-soft-caqui-beige-algodon-de-babybjoern\/","name":"Hamaca BALANCE SOFT Caqui \/ Beige, Algod\u00f3n de BABYBJ\u00d6RN - Gaspachitos","isPartOf":{"@id":"https:\/\/gaspachitos.com\/#website"},"primaryImageOfPage":{"@id":"https:\/\/gaspachitos.com\/producto\/hamaca-balance-soft-caqui-beige-algodon-de-babybjoern\/#primaryimage"},"image":{"@id":"https:\/\/gaspachitos.com\/producto\/hamaca-balance-soft-caqui-beige-algodon-de-babybjoern\/#primaryimage"},"thumbnailUrl":"https:\/\/gaspachitos.com\/wp-content\/uploads\/2013\/05\/3413-thickbox_default-Hamaca-BALANCE-SOFT-Caqui-Beige-Algodon-de-BABYBORN.jpg","datePublished":"2013-05-14T16:18:04+00:00","description":"Compra la Hamaca BALANCE SOFT Caqui \/ Beige, Algod\u00f3n de BABYBJ\u00d6RN online o en nuestras tiendas Gaspachitos de Palencia, Valladolid o Cantabria","breadcrumb":{"@id":"https:\/\/gaspachitos.com\/producto\/hamaca-balance-soft-caqui-beige-algodon-de-babybjoern\/#breadcrumb"},"inLanguage":"eu-ES","potentialAction":[{"@type":"ReadAction","target":["https:\/\/gaspachitos.com\/producto\/hamaca-balance-soft-caqui-beige-algodon-de-babybjoern\/"]}]},{"@type":"ImageObject","inLanguage":"eu-ES","@id":"https:\/\/gaspachitos.com\/producto\/hamaca-balance-soft-caqui-beige-algodon-de-babybjoern\/#primaryimage","url":"https:\/\/gaspachitos.com\/wp-content\/uploads\/2013\/05\/3413-thickbox_default-Hamaca-BALANCE-SOFT-Caqui-Beige-Algodon-de-BABYBORN.jpg","contentUrl":"https:\/\/gaspachitos.com\/wp-content\/uploads\/2013\/05\/3413-thickbox_default-Hamaca-BALANCE-SOFT-Caqui-Beige-Algodon-de-BABYBORN.jpg","width":800,"height":800,"caption":"Hamaca BALANCE SOFT Caqui \/ Beige, Algod\u00f3n de BABYB\u00d6RN"},{"@type":"BreadcrumbList","@id":"https:\/\/gaspachitos.com\/producto\/hamaca-balance-soft-caqui-beige-algodon-de-babybjoern\/#breadcrumb","itemListElement":[{"@type":"ListItem","position":1,"name":"Portada","item":"https:\/\/gaspachitos.com\/"},{"@type":"ListItem","position":2,"name":"Produtos","item":"https:\/\/gaspachitos.com\/gl\/shop\/"},{"@type":"ListItem","position":3,"name":"Hamaca BALANCE SOFT Caqui \/ Beige, Algod\u00f3n de BABYBJ\u00d6RN"}]},{"@type":"WebSite","@id":"https:\/\/gaspachitos.com\/#website","url":"https:\/\/gaspachitos.com\/","name":"Gaspachitos","description":"La tienda para tu beb\u00e9: cochecitos, sillas de paseo, cunas...","potentialAction":[{"@type":"SearchAction","target":{"@type":"EntryPoint","urlTemplate":"https:\/\/gaspachitos.com\/?s={search_term_string}"},"query-input":{"@type":"PropertyValueSpecification","valueRequired":true,"valueName":"search_term_string"}}],"inLanguage":"eu-ES"}]}},"brands":[{"id":5206,"name":"Babybj\u00f6rn","slug":"babybjorn"}],"_links":{"self":[{"href":"https:\/\/gaspachitos.com\/eu\/wp-json\/wp\/v2\/product\/259705","targetHints":{"allow":["GET"]}}],"collection":[{"href":"https:\/\/gaspachitos.com\/eu\/wp-json\/wp\/v2\/product"}],"about":[{"href":"https:\/\/gaspachitos.com\/eu\/wp-json\/wp\/v2\/types\/product"}],"replies":[{"embeddable":true,"href":"https:\/\/gaspachitos.com\/eu\/wp-json\/wp\/v2\/comments?post=259705"}],"wp:featuredmedia":[{"embeddable":true,"href":"https:\/\/gaspachitos.com\/eu\/wp-json\/wp\/v2\/media\/259689"}],"wp:attachment":[{"href":"https:\/\/gaspachitos.com\/eu\/wp-json\/wp\/v2\/media?parent=259705"}],"wp:term":[{"taxonomy":"pwb-brand","embeddable":true,"href":"https:\/\/gaspachitos.com\/eu\/wp-json\/wp\/v2\/pwb-brand?post=259705"},{"taxonomy":"product_brand","embeddable":true,"href":"https:\/\/gaspachitos.com\/eu\/wp-json\/wp\/v2\/product_brand?post=259705"},{"taxonomy":"product_cat","embeddable":true,"href":"https:\/\/gaspachitos.com\/eu\/wp-json\/wp\/v2\/product_cat?post=259705"},{"taxonomy":"product_tag","embeddable":true,"href":"https:\/\/gaspachitos.com\/eu\/wp-json\/wp\/v2\/product_tag?post=259705"}],"curies":[{"name":"wp","href":"https:\/\/api.w.org\/{rel}","templated":true}]}}