{"id":259497,"date":"2012-12-04T17:33:06","date_gmt":"2012-12-04T15:33:06","guid":{"rendered":"https:\/\/nueva.gaspachitos.com\/producto\/adaptador-sillita-de-paseo-paraguas-universal-de-jicaclick\/"},"modified":"2012-12-04T17:33:06","modified_gmt":"2012-12-04T15:33:06","slug":"adaptador-sillita-de-paseo-paraguas-universal-de-jicaclick","status":"publish","type":"product","link":"https:\/\/gaspachitos.com\/eu\/producto\/adaptador-sillita-de-paseo-paraguas-universal-de-jicaclick\/","title":{"rendered":"Adaptador sillita de paseo paraguas Universal de JICACLICK"},"content":{"rendered":"<p><span>Indicado para tubos con di\u00e1metro de 29 a 38 mm gracias a su tama\u00f1o XL. Adaptador universal con mayor di\u00e1metro as\u00ed Jicaclick aumenta la compatibilidad con los carritos m\u00e1s grandes.<\/span><\/p>\n<p><span>Permite llevar el paraguas o sombrilla enganchado al carrito o silla de paseo. De esta forma, podr\u00e1s tener las manos libres para pasear y atender a tu hijo.<\/span><\/p>\n<p><strong>Caracter\u00edsticas Jicaclick:<\/strong><\/p>\n<p><span>&#8211; Mayor di\u00e1metro de apertura.<\/span><br \/><span>&#8211; Universal: apto para todo tipo de tubos (cuadrado, redondo, ovalado, triangular).<\/span><br \/><span>&#8211; Orientable para colocar el paraguas o sombrilla en la posici\u00f3n deseada.<\/span><br \/><span>&#8211; Funci\u00f3n cuelga bolsos.<\/span><\/p>\n<p>&#8211; Compuesto por pieza central, adaptador para paraguas, adaptador para sombrilla y enganche para chasis.<\/p>\n<p>&#8211; Se arma y desarma con un solo click.<br \/>&#8211; Ligero y pr\u00e1ctico.<\/p>\n<\/p>\n<p>Algunos de los modelos de sillas de paseo o carros de beb\u00e9s compatibles para el porta paraguas y sombrillas universal de Jicaclick son:<br \/>&#8211; Bodaboo Donkey.<br \/>&#8211; Nunna Ppep.<br \/>&#8211; Valco Baby.<br \/>&#8211; Jane Ryder\u00a0 Clasic.<br \/>&#8211; Quinny.<br \/>&#8211; Silver Cross.<br \/>&#8211; Concord Fusion.<br \/>&#8211; Recaro.<br \/>&#8211; City Versa de Baby Jogger.<br \/>&#8211; Vista de Uppa Baby.<br \/>&#8211; Cruz Uppababy.<br \/>&#8211; Concord Wanderer.<br \/>&#8211; Ele Bebe Confort.<br \/>&#8211; New Loola Bebe Confort.<\/p>\n<p>Incluye adaptador de:<br \/>&#8211; Sombrilla.<br \/>&#8211; Paraguas.<br \/>&#8211; Carrito.<\/p>\n<\/p>\n<p>SUJETO A DISPONIBILIDAD<\/p>\n","protected":false},"excerpt":{"rendered":"<p><span>El porta paraguas JicaClick incluye dos cabezales sim\u00e9tricos, uno para el tubo de la silla y otro para el paraguas, adem\u00e1s de un cuerpo central desmontable en un solo click. En el modelo XL y XXL, uno de los cabezales es m\u00e1s ancho para adaptarse a tubos de mayor grosor. El paraguas puede orientarse con un simple movimiento de la tuerca.<\/span><\/p>\n","protected":false},"featured_media":233472,"comment_status":"open","ping_status":"closed","template":"","meta":{"_et_pb_use_builder":"","_et_pb_old_content":"","_et_gb_content_width":""},"pwb-brand":[],"product_brand":[],"product_cat":[6715,6634],"product_tag":[],"class_list":{"0":"post-259497","1":"product","2":"type-product","3":"status-publish","4":"has-post-thumbnail","6":"product_cat-accesorios-cochechito-eu","7":"product_cat-sombrillas-eu","8":"pa_color-negro-eu","10":"first","11":"instock","12":"taxable","13":"shipping-taxable","14":"purchasable","15":"product-type-variable","16":"has-default-attributes"},"yoast_head":"<!-- This site is optimized with the Yoast SEO plugin v27.4 - https:\/\/yoast.com\/product\/yoast-seo-wordpress\/ -->\n<title>Adaptador sillita de paseo paraguas Universal de JICACLICK - Gaspachitos<\/title>\n<meta name=\"description\" content=\"Compra el Adaptador sillita de paseo paraguas Universal de JICACLICK online o en nuestras tiendas Gaspachitos de Palencia, Valladolid o Cantabria\" \/>\n<meta name=\"robots\" content=\"index, follow, max-snippet:-1, max-image-preview:large, max-video-preview:-1\" \/>\n<link rel=\"canonical\" href=\"https:\/\/gaspachitos.com\/producto\/adaptador-sillita-de-paseo-paraguas-universal-de-jicaclick\/\" \/>\n<meta property=\"og:locale\" content=\"eu_ES\" \/>\n<meta property=\"og:type\" content=\"article\" \/>\n<meta property=\"og:title\" content=\"Adaptador sillita de paseo paraguas Universal de JICACLICK - Gaspachitos\" \/>\n<meta property=\"og:description\" content=\"Compra el Adaptador sillita de paseo paraguas Universal de JICACLICK online o en nuestras tiendas Gaspachitos de Palencia, Valladolid o Cantabria\" \/>\n<meta property=\"og:url\" content=\"https:\/\/gaspachitos.com\/producto\/adaptador-sillita-de-paseo-paraguas-universal-de-jicaclick\/\" \/>\n<meta property=\"og:site_name\" content=\"Gaspachitos\" \/>\n<meta property=\"og:image\" content=\"https:\/\/gaspachitos.com\/wp-content\/uploads\/2012\/12\/5995-thickbox_default-Adaptador-sillita-de-paseo-paraguas-de-NIKIDON.jpg\" \/>\n\t<meta property=\"og:image:width\" content=\"800\" \/>\n\t<meta property=\"og:image:height\" content=\"800\" \/>\n\t<meta property=\"og:image:type\" content=\"image\/jpeg\" \/>\n<meta name=\"twitter:card\" content=\"summary_large_image\" \/>\n<meta name=\"twitter:label1\" content=\"Est. reading time\" \/>\n\t<meta name=\"twitter:data1\" content=\"1 minute\" \/>\n<script type=\"application\/ld+json\" class=\"yoast-schema-graph\">{\"@context\":\"https:\\\/\\\/schema.org\",\"@graph\":[{\"@type\":\"WebPage\",\"@id\":\"https:\\\/\\\/gaspachitos.com\\\/producto\\\/adaptador-sillita-de-paseo-paraguas-universal-de-jicaclick\\\/\",\"url\":\"https:\\\/\\\/gaspachitos.com\\\/producto\\\/adaptador-sillita-de-paseo-paraguas-universal-de-jicaclick\\\/\",\"name\":\"Adaptador sillita de paseo paraguas Universal de JICACLICK - Gaspachitos\",\"isPartOf\":{\"@id\":\"https:\\\/\\\/gaspachitos.com\\\/#website\"},\"primaryImageOfPage\":{\"@id\":\"https:\\\/\\\/gaspachitos.com\\\/producto\\\/adaptador-sillita-de-paseo-paraguas-universal-de-jicaclick\\\/#primaryimage\"},\"image\":{\"@id\":\"https:\\\/\\\/gaspachitos.com\\\/producto\\\/adaptador-sillita-de-paseo-paraguas-universal-de-jicaclick\\\/#primaryimage\"},\"thumbnailUrl\":\"https:\\\/\\\/gaspachitos.com\\\/wp-content\\\/uploads\\\/2012\\\/12\\\/5995-thickbox_default-Adaptador-sillita-de-paseo-paraguas-Universal-de-JICACLICK.jpg\",\"datePublished\":\"2012-12-04T15:33:06+00:00\",\"description\":\"Compra el Adaptador sillita de paseo paraguas Universal de JICACLICK online o en nuestras tiendas Gaspachitos de Palencia, Valladolid o Cantabria\",\"breadcrumb\":{\"@id\":\"https:\\\/\\\/gaspachitos.com\\\/producto\\\/adaptador-sillita-de-paseo-paraguas-universal-de-jicaclick\\\/#breadcrumb\"},\"inLanguage\":\"eu-ES\",\"potentialAction\":[{\"@type\":\"ReadAction\",\"target\":[\"https:\\\/\\\/gaspachitos.com\\\/producto\\\/adaptador-sillita-de-paseo-paraguas-universal-de-jicaclick\\\/\"]}]},{\"@type\":\"ImageObject\",\"inLanguage\":\"eu-ES\",\"@id\":\"https:\\\/\\\/gaspachitos.com\\\/producto\\\/adaptador-sillita-de-paseo-paraguas-universal-de-jicaclick\\\/#primaryimage\",\"url\":\"https:\\\/\\\/gaspachitos.com\\\/wp-content\\\/uploads\\\/2012\\\/12\\\/5995-thickbox_default-Adaptador-sillita-de-paseo-paraguas-Universal-de-JICACLICK.jpg\",\"contentUrl\":\"https:\\\/\\\/gaspachitos.com\\\/wp-content\\\/uploads\\\/2012\\\/12\\\/5995-thickbox_default-Adaptador-sillita-de-paseo-paraguas-Universal-de-JICACLICK.jpg\",\"width\":800,\"height\":800},{\"@type\":\"BreadcrumbList\",\"@id\":\"https:\\\/\\\/gaspachitos.com\\\/producto\\\/adaptador-sillita-de-paseo-paraguas-universal-de-jicaclick\\\/#breadcrumb\",\"itemListElement\":[{\"@type\":\"ListItem\",\"position\":1,\"name\":\"Portada\",\"item\":\"https:\\\/\\\/gaspachitos.com\\\/\"},{\"@type\":\"ListItem\",\"position\":2,\"name\":\"Produtos\",\"item\":\"https:\\\/\\\/gaspachitos.com\\\/gl\\\/shop\\\/\"},{\"@type\":\"ListItem\",\"position\":3,\"name\":\"Adaptador sillita de paseo paraguas Universal de JICACLICK\"}]},{\"@type\":\"WebSite\",\"@id\":\"https:\\\/\\\/gaspachitos.com\\\/#website\",\"url\":\"https:\\\/\\\/gaspachitos.com\\\/\",\"name\":\"Gaspachitos\",\"description\":\"La tienda para tu beb\u00e9: cochecitos, sillas de paseo, cunas...\",\"potentialAction\":[{\"@type\":\"SearchAction\",\"target\":{\"@type\":\"EntryPoint\",\"urlTemplate\":\"https:\\\/\\\/gaspachitos.com\\\/?s={search_term_string}\"},\"query-input\":{\"@type\":\"PropertyValueSpecification\",\"valueRequired\":true,\"valueName\":\"search_term_string\"}}],\"inLanguage\":\"eu-ES\"}]}<\/script>\n<!-- \/ Yoast SEO plugin. -->","yoast_head_json":{"title":"Adaptador sillita de paseo paraguas Universal de JICACLICK - Gaspachitos","description":"Compra el Adaptador sillita de paseo paraguas Universal de JICACLICK online o en nuestras tiendas Gaspachitos de Palencia, Valladolid o Cantabria","robots":{"index":"index","follow":"follow","max-snippet":"max-snippet:-1","max-image-preview":"max-image-preview:large","max-video-preview":"max-video-preview:-1"},"canonical":"https:\/\/gaspachitos.com\/producto\/adaptador-sillita-de-paseo-paraguas-universal-de-jicaclick\/","og_locale":"eu_ES","og_type":"article","og_title":"Adaptador sillita de paseo paraguas Universal de JICACLICK - Gaspachitos","og_description":"Compra el Adaptador sillita de paseo paraguas Universal de JICACLICK online o en nuestras tiendas Gaspachitos de Palencia, Valladolid o Cantabria","og_url":"https:\/\/gaspachitos.com\/producto\/adaptador-sillita-de-paseo-paraguas-universal-de-jicaclick\/","og_site_name":"Gaspachitos","og_image":[{"width":800,"height":800,"url":"https:\/\/gaspachitos.com\/wp-content\/uploads\/2012\/12\/5995-thickbox_default-Adaptador-sillita-de-paseo-paraguas-de-NIKIDON.jpg","type":"image\/jpeg"}],"twitter_card":"summary_large_image","twitter_misc":{"Est. reading time":"1 minute"},"schema":{"@context":"https:\/\/schema.org","@graph":[{"@type":"WebPage","@id":"https:\/\/gaspachitos.com\/producto\/adaptador-sillita-de-paseo-paraguas-universal-de-jicaclick\/","url":"https:\/\/gaspachitos.com\/producto\/adaptador-sillita-de-paseo-paraguas-universal-de-jicaclick\/","name":"Adaptador sillita de paseo paraguas Universal de JICACLICK - Gaspachitos","isPartOf":{"@id":"https:\/\/gaspachitos.com\/#website"},"primaryImageOfPage":{"@id":"https:\/\/gaspachitos.com\/producto\/adaptador-sillita-de-paseo-paraguas-universal-de-jicaclick\/#primaryimage"},"image":{"@id":"https:\/\/gaspachitos.com\/producto\/adaptador-sillita-de-paseo-paraguas-universal-de-jicaclick\/#primaryimage"},"thumbnailUrl":"https:\/\/gaspachitos.com\/wp-content\/uploads\/2012\/12\/5995-thickbox_default-Adaptador-sillita-de-paseo-paraguas-Universal-de-JICACLICK.jpg","datePublished":"2012-12-04T15:33:06+00:00","description":"Compra el Adaptador sillita de paseo paraguas Universal de JICACLICK online o en nuestras tiendas Gaspachitos de Palencia, Valladolid o Cantabria","breadcrumb":{"@id":"https:\/\/gaspachitos.com\/producto\/adaptador-sillita-de-paseo-paraguas-universal-de-jicaclick\/#breadcrumb"},"inLanguage":"eu-ES","potentialAction":[{"@type":"ReadAction","target":["https:\/\/gaspachitos.com\/producto\/adaptador-sillita-de-paseo-paraguas-universal-de-jicaclick\/"]}]},{"@type":"ImageObject","inLanguage":"eu-ES","@id":"https:\/\/gaspachitos.com\/producto\/adaptador-sillita-de-paseo-paraguas-universal-de-jicaclick\/#primaryimage","url":"https:\/\/gaspachitos.com\/wp-content\/uploads\/2012\/12\/5995-thickbox_default-Adaptador-sillita-de-paseo-paraguas-Universal-de-JICACLICK.jpg","contentUrl":"https:\/\/gaspachitos.com\/wp-content\/uploads\/2012\/12\/5995-thickbox_default-Adaptador-sillita-de-paseo-paraguas-Universal-de-JICACLICK.jpg","width":800,"height":800},{"@type":"BreadcrumbList","@id":"https:\/\/gaspachitos.com\/producto\/adaptador-sillita-de-paseo-paraguas-universal-de-jicaclick\/#breadcrumb","itemListElement":[{"@type":"ListItem","position":1,"name":"Portada","item":"https:\/\/gaspachitos.com\/"},{"@type":"ListItem","position":2,"name":"Produtos","item":"https:\/\/gaspachitos.com\/gl\/shop\/"},{"@type":"ListItem","position":3,"name":"Adaptador sillita de paseo paraguas Universal de JICACLICK"}]},{"@type":"WebSite","@id":"https:\/\/gaspachitos.com\/#website","url":"https:\/\/gaspachitos.com\/","name":"Gaspachitos","description":"La tienda para tu beb\u00e9: cochecitos, sillas de paseo, cunas...","potentialAction":[{"@type":"SearchAction","target":{"@type":"EntryPoint","urlTemplate":"https:\/\/gaspachitos.com\/?s={search_term_string}"},"query-input":{"@type":"PropertyValueSpecification","valueRequired":true,"valueName":"search_term_string"}}],"inLanguage":"eu-ES"}]}},"brands":[],"_links":{"self":[{"href":"https:\/\/gaspachitos.com\/eu\/wp-json\/wp\/v2\/product\/259497","targetHints":{"allow":["GET"]}}],"collection":[{"href":"https:\/\/gaspachitos.com\/eu\/wp-json\/wp\/v2\/product"}],"about":[{"href":"https:\/\/gaspachitos.com\/eu\/wp-json\/wp\/v2\/types\/product"}],"replies":[{"embeddable":true,"href":"https:\/\/gaspachitos.com\/eu\/wp-json\/wp\/v2\/comments?post=259497"}],"wp:featuredmedia":[{"embeddable":true,"href":"https:\/\/gaspachitos.com\/eu\/wp-json\/wp\/v2\/media\/233472"}],"wp:attachment":[{"href":"https:\/\/gaspachitos.com\/eu\/wp-json\/wp\/v2\/media?parent=259497"}],"wp:term":[{"taxonomy":"pwb-brand","embeddable":true,"href":"https:\/\/gaspachitos.com\/eu\/wp-json\/wp\/v2\/pwb-brand?post=259497"},{"taxonomy":"product_brand","embeddable":true,"href":"https:\/\/gaspachitos.com\/eu\/wp-json\/wp\/v2\/product_brand?post=259497"},{"taxonomy":"product_cat","embeddable":true,"href":"https:\/\/gaspachitos.com\/eu\/wp-json\/wp\/v2\/product_cat?post=259497"},{"taxonomy":"product_tag","embeddable":true,"href":"https:\/\/gaspachitos.com\/eu\/wp-json\/wp\/v2\/product_tag?post=259497"}],"curies":[{"name":"wp","href":"https:\/\/api.w.org\/{rel}","templated":true}]}}