{"id":259435,"date":"2012-11-30T10:29:54","date_gmt":"2012-11-30T08:29:54","guid":{"rendered":"https:\/\/nueva.gaspachitos.com\/producto\/comprar-papillero-de-acero-con-bolsa-500-ml-de-saro\/"},"modified":"2012-11-30T10:29:54","modified_gmt":"2012-11-30T08:29:54","slug":"comprar-papillero-de-acero-con-bolsa-500-ml-de-saro","status":"publish","type":"product","link":"https:\/\/gaspachitos.com\/eu\/producto\/comprar-papillero-de-acero-con-bolsa-500-ml-de-saro\/","title":{"rendered":"Papillero de acero con bolsa 500 ml de SARO"},"content":{"rendered":"<p>Con doble apertura: una boca muy ancha para facilitar tanto su llenado como la toma de su comida y una m\u00e1s estrecha para poder verter el l\u00edquido evitando derrames. Incluye un peque\u00f1o cuenco para beber o de comer de una manera c\u00f3moda y sencilla. Incluye una c\u00f3moda bolsa para su transporte.<\/p>\n<p>\u00a0<\/p>\n<p>SUJETO A DISPONIBILIDAD<\/p>\n","protected":false},"excerpt":{"rendered":"<p>Mantiene caliente la comida del beb\u00e9 cuando vamos de viaje, de visita o de paseo. Mantiene el calor (o el fr\u00edo) durante 12 horas. Ligero de transportar.<\/p>\n","protected":false},"featured_media":233454,"comment_status":"open","ping_status":"closed","template":"","meta":{"_et_pb_use_builder":"","_et_pb_old_content":"","_et_gb_content_width":""},"pwb-brand":[5368],"product_brand":[],"product_cat":[5869],"product_tag":[],"class_list":{"0":"post-259435","1":"product","2":"type-product","3":"status-publish","4":"has-post-thumbnail","6":"pwb-brand-saro","7":"product_cat-productos-destacados-eu","8":"pa_capacidad-500ml-eu","10":"first","11":"instock","12":"taxable","13":"shipping-taxable","14":"purchasable","15":"product-type-simple"},"yoast_head":"<!-- This site is optimized with the Yoast SEO plugin v27.4 - https:\/\/yoast.com\/product\/yoast-seo-wordpress\/ -->\n<title>Comprar Papillero de acero con bolsa 500 ml de SARO<\/title>\n<meta name=\"description\" content=\"Compra el Papillero de acero con bolsa 500 ml de SARO online o en nuestras tiendas Gaspachitos de Palencia, Valladolid o Cantabria\" \/>\n<meta name=\"robots\" content=\"index, follow, max-snippet:-1, max-image-preview:large, max-video-preview:-1\" \/>\n<link rel=\"canonical\" href=\"https:\/\/gaspachitos.com\/producto\/comprar-papillero-de-acero-con-bolsa-500-ml-de-saro\/\" \/>\n<meta property=\"og:locale\" content=\"eu_ES\" \/>\n<meta property=\"og:type\" content=\"article\" \/>\n<meta property=\"og:title\" content=\"Comprar Papillero de acero con bolsa 500 ml de SARO\" \/>\n<meta property=\"og:description\" content=\"Compra el Papillero de acero con bolsa 500 ml de SARO online o en nuestras tiendas Gaspachitos de Palencia, Valladolid o Cantabria\" \/>\n<meta property=\"og:url\" content=\"https:\/\/gaspachitos.com\/producto\/comprar-papillero-de-acero-con-bolsa-500-ml-de-saro\/\" \/>\n<meta property=\"og:site_name\" content=\"Gaspachitos\" \/>\n<meta property=\"og:image\" content=\"https:\/\/gaspachitos.com\/wp-content\/uploads\/2012\/11\/1062-thickbox_default-Papillero-de-acero-con-bolsa-500-ml-de-SARO.jpg\" \/>\n\t<meta property=\"og:image:width\" content=\"800\" \/>\n\t<meta property=\"og:image:height\" content=\"800\" \/>\n\t<meta property=\"og:image:type\" content=\"image\/jpeg\" \/>\n<meta name=\"twitter:card\" content=\"summary_large_image\" \/>\n<script type=\"application\/ld+json\" class=\"yoast-schema-graph\">{\"@context\":\"https:\\\/\\\/schema.org\",\"@graph\":[{\"@type\":\"WebPage\",\"@id\":\"https:\\\/\\\/gaspachitos.com\\\/producto\\\/comprar-papillero-de-acero-con-bolsa-500-ml-de-saro\\\/\",\"url\":\"https:\\\/\\\/gaspachitos.com\\\/producto\\\/comprar-papillero-de-acero-con-bolsa-500-ml-de-saro\\\/\",\"name\":\"Comprar Papillero de acero con bolsa 500 ml de SARO\",\"isPartOf\":{\"@id\":\"https:\\\/\\\/gaspachitos.com\\\/#website\"},\"primaryImageOfPage\":{\"@id\":\"https:\\\/\\\/gaspachitos.com\\\/producto\\\/comprar-papillero-de-acero-con-bolsa-500-ml-de-saro\\\/#primaryimage\"},\"image\":{\"@id\":\"https:\\\/\\\/gaspachitos.com\\\/producto\\\/comprar-papillero-de-acero-con-bolsa-500-ml-de-saro\\\/#primaryimage\"},\"thumbnailUrl\":\"https:\\\/\\\/gaspachitos.com\\\/wp-content\\\/uploads\\\/2012\\\/11\\\/1062-thickbox_default-Papillero-de-acero-con-bolsa-500-ml-de-SARO.jpg\",\"datePublished\":\"2012-11-30T08:29:54+00:00\",\"description\":\"Compra el Papillero de acero con bolsa 500 ml de SARO online o en nuestras tiendas Gaspachitos de Palencia, Valladolid o Cantabria\",\"breadcrumb\":{\"@id\":\"https:\\\/\\\/gaspachitos.com\\\/producto\\\/comprar-papillero-de-acero-con-bolsa-500-ml-de-saro\\\/#breadcrumb\"},\"inLanguage\":\"eu-ES\",\"potentialAction\":[{\"@type\":\"ReadAction\",\"target\":[\"https:\\\/\\\/gaspachitos.com\\\/producto\\\/comprar-papillero-de-acero-con-bolsa-500-ml-de-saro\\\/\"]}]},{\"@type\":\"ImageObject\",\"inLanguage\":\"eu-ES\",\"@id\":\"https:\\\/\\\/gaspachitos.com\\\/producto\\\/comprar-papillero-de-acero-con-bolsa-500-ml-de-saro\\\/#primaryimage\",\"url\":\"https:\\\/\\\/gaspachitos.com\\\/wp-content\\\/uploads\\\/2012\\\/11\\\/1062-thickbox_default-Papillero-de-acero-con-bolsa-500-ml-de-SARO.jpg\",\"contentUrl\":\"https:\\\/\\\/gaspachitos.com\\\/wp-content\\\/uploads\\\/2012\\\/11\\\/1062-thickbox_default-Papillero-de-acero-con-bolsa-500-ml-de-SARO.jpg\",\"width\":800,\"height\":800},{\"@type\":\"BreadcrumbList\",\"@id\":\"https:\\\/\\\/gaspachitos.com\\\/producto\\\/comprar-papillero-de-acero-con-bolsa-500-ml-de-saro\\\/#breadcrumb\",\"itemListElement\":[{\"@type\":\"ListItem\",\"position\":1,\"name\":\"Portada\",\"item\":\"https:\\\/\\\/gaspachitos.com\\\/\"},{\"@type\":\"ListItem\",\"position\":2,\"name\":\"Produtos\",\"item\":\"https:\\\/\\\/gaspachitos.com\\\/gl\\\/shop\\\/\"},{\"@type\":\"ListItem\",\"position\":3,\"name\":\"Papillero de acero con bolsa 500 ml de SARO\"}]},{\"@type\":\"WebSite\",\"@id\":\"https:\\\/\\\/gaspachitos.com\\\/#website\",\"url\":\"https:\\\/\\\/gaspachitos.com\\\/\",\"name\":\"Gaspachitos\",\"description\":\"La tienda para tu beb\u00e9: cochecitos, sillas de paseo, cunas...\",\"potentialAction\":[{\"@type\":\"SearchAction\",\"target\":{\"@type\":\"EntryPoint\",\"urlTemplate\":\"https:\\\/\\\/gaspachitos.com\\\/?s={search_term_string}\"},\"query-input\":{\"@type\":\"PropertyValueSpecification\",\"valueRequired\":true,\"valueName\":\"search_term_string\"}}],\"inLanguage\":\"eu-ES\"}]}<\/script>\n<!-- \/ Yoast SEO plugin. -->","yoast_head_json":{"title":"Comprar Papillero de acero con bolsa 500 ml de SARO","description":"Compra el Papillero de acero con bolsa 500 ml de SARO online o en nuestras tiendas Gaspachitos de Palencia, Valladolid o Cantabria","robots":{"index":"index","follow":"follow","max-snippet":"max-snippet:-1","max-image-preview":"max-image-preview:large","max-video-preview":"max-video-preview:-1"},"canonical":"https:\/\/gaspachitos.com\/producto\/comprar-papillero-de-acero-con-bolsa-500-ml-de-saro\/","og_locale":"eu_ES","og_type":"article","og_title":"Comprar Papillero de acero con bolsa 500 ml de SARO","og_description":"Compra el Papillero de acero con bolsa 500 ml de SARO online o en nuestras tiendas Gaspachitos de Palencia, Valladolid o Cantabria","og_url":"https:\/\/gaspachitos.com\/producto\/comprar-papillero-de-acero-con-bolsa-500-ml-de-saro\/","og_site_name":"Gaspachitos","og_image":[{"width":800,"height":800,"url":"https:\/\/gaspachitos.com\/wp-content\/uploads\/2012\/11\/1062-thickbox_default-Papillero-de-acero-con-bolsa-500-ml-de-SARO.jpg","type":"image\/jpeg"}],"twitter_card":"summary_large_image","schema":{"@context":"https:\/\/schema.org","@graph":[{"@type":"WebPage","@id":"https:\/\/gaspachitos.com\/producto\/comprar-papillero-de-acero-con-bolsa-500-ml-de-saro\/","url":"https:\/\/gaspachitos.com\/producto\/comprar-papillero-de-acero-con-bolsa-500-ml-de-saro\/","name":"Comprar Papillero de acero con bolsa 500 ml de SARO","isPartOf":{"@id":"https:\/\/gaspachitos.com\/#website"},"primaryImageOfPage":{"@id":"https:\/\/gaspachitos.com\/producto\/comprar-papillero-de-acero-con-bolsa-500-ml-de-saro\/#primaryimage"},"image":{"@id":"https:\/\/gaspachitos.com\/producto\/comprar-papillero-de-acero-con-bolsa-500-ml-de-saro\/#primaryimage"},"thumbnailUrl":"https:\/\/gaspachitos.com\/wp-content\/uploads\/2012\/11\/1062-thickbox_default-Papillero-de-acero-con-bolsa-500-ml-de-SARO.jpg","datePublished":"2012-11-30T08:29:54+00:00","description":"Compra el Papillero de acero con bolsa 500 ml de SARO online o en nuestras tiendas Gaspachitos de Palencia, Valladolid o Cantabria","breadcrumb":{"@id":"https:\/\/gaspachitos.com\/producto\/comprar-papillero-de-acero-con-bolsa-500-ml-de-saro\/#breadcrumb"},"inLanguage":"eu-ES","potentialAction":[{"@type":"ReadAction","target":["https:\/\/gaspachitos.com\/producto\/comprar-papillero-de-acero-con-bolsa-500-ml-de-saro\/"]}]},{"@type":"ImageObject","inLanguage":"eu-ES","@id":"https:\/\/gaspachitos.com\/producto\/comprar-papillero-de-acero-con-bolsa-500-ml-de-saro\/#primaryimage","url":"https:\/\/gaspachitos.com\/wp-content\/uploads\/2012\/11\/1062-thickbox_default-Papillero-de-acero-con-bolsa-500-ml-de-SARO.jpg","contentUrl":"https:\/\/gaspachitos.com\/wp-content\/uploads\/2012\/11\/1062-thickbox_default-Papillero-de-acero-con-bolsa-500-ml-de-SARO.jpg","width":800,"height":800},{"@type":"BreadcrumbList","@id":"https:\/\/gaspachitos.com\/producto\/comprar-papillero-de-acero-con-bolsa-500-ml-de-saro\/#breadcrumb","itemListElement":[{"@type":"ListItem","position":1,"name":"Portada","item":"https:\/\/gaspachitos.com\/"},{"@type":"ListItem","position":2,"name":"Produtos","item":"https:\/\/gaspachitos.com\/gl\/shop\/"},{"@type":"ListItem","position":3,"name":"Papillero de acero con bolsa 500 ml de SARO"}]},{"@type":"WebSite","@id":"https:\/\/gaspachitos.com\/#website","url":"https:\/\/gaspachitos.com\/","name":"Gaspachitos","description":"La tienda para tu beb\u00e9: cochecitos, sillas de paseo, cunas...","potentialAction":[{"@type":"SearchAction","target":{"@type":"EntryPoint","urlTemplate":"https:\/\/gaspachitos.com\/?s={search_term_string}"},"query-input":{"@type":"PropertyValueSpecification","valueRequired":true,"valueName":"search_term_string"}}],"inLanguage":"eu-ES"}]}},"brands":[{"id":5368,"name":"Saro","slug":"saro"}],"_links":{"self":[{"href":"https:\/\/gaspachitos.com\/eu\/wp-json\/wp\/v2\/product\/259435","targetHints":{"allow":["GET"]}}],"collection":[{"href":"https:\/\/gaspachitos.com\/eu\/wp-json\/wp\/v2\/product"}],"about":[{"href":"https:\/\/gaspachitos.com\/eu\/wp-json\/wp\/v2\/types\/product"}],"replies":[{"embeddable":true,"href":"https:\/\/gaspachitos.com\/eu\/wp-json\/wp\/v2\/comments?post=259435"}],"wp:featuredmedia":[{"embeddable":true,"href":"https:\/\/gaspachitos.com\/eu\/wp-json\/wp\/v2\/media\/233454"}],"wp:attachment":[{"href":"https:\/\/gaspachitos.com\/eu\/wp-json\/wp\/v2\/media?parent=259435"}],"wp:term":[{"taxonomy":"pwb-brand","embeddable":true,"href":"https:\/\/gaspachitos.com\/eu\/wp-json\/wp\/v2\/pwb-brand?post=259435"},{"taxonomy":"product_brand","embeddable":true,"href":"https:\/\/gaspachitos.com\/eu\/wp-json\/wp\/v2\/product_brand?post=259435"},{"taxonomy":"product_cat","embeddable":true,"href":"https:\/\/gaspachitos.com\/eu\/wp-json\/wp\/v2\/product_cat?post=259435"},{"taxonomy":"product_tag","embeddable":true,"href":"https:\/\/gaspachitos.com\/eu\/wp-json\/wp\/v2\/product_tag?post=259435"}],"curies":[{"name":"wp","href":"https:\/\/api.w.org\/{rel}","templated":true}]}}