{"id":259426,"date":"2012-11-29T19:35:44","date_gmt":"2012-11-29T17:35:44","guid":{"rendered":"https:\/\/nueva.gaspachitos.com\/producto\/comprar-harmony-extractor-leche-manual-de-medela\/"},"modified":"2012-11-29T19:35:44","modified_gmt":"2012-11-29T17:35:44","slug":"comprar-harmony-extractor-leche-manual-de-medela","status":"publish","type":"product","link":"https:\/\/gaspachitos.com\/eu\/producto\/comprar-harmony-extractor-leche-manual-de-medela\/","title":{"rendered":"Harmony Extractor Leche Manual de MEDELA"},"content":{"rendered":"<p>El avanzado sistema de extracci\u00f3n 2-Phase Expression silencioso y discreta que imita el ritmo de succi\u00f3n del beb\u00e9 y extrae la leche en 2 fases distintas para conseguir la mayor cantidad de leche lo m\u00e1s r\u00e1pido posible<\/p>\n<p> 2-Phase Expression: inicialmente succiona r\u00e1pido y suave para estimular el reflejo de eyecci\u00f3n de la leche (REL) y que la leche comience a fluir. Una vez que se ha estimulado suficientemente el pecho, cambia a una succi\u00f3n m\u00e1s lenta y profunda para la fase real de alimentaci\u00f3n <br \/> Palanca ergon\u00f3mica giratoria <br \/> F\u00e1cil de montar, utilizar y limpiar <br \/> Pr\u00e1ctico: dise\u00f1o compacto, ideal para una extracci\u00f3n discreta en cualquier lugar <br \/> Embudo SoftFit suave y delicado para el pecho y la areola. Junto con el ritmo de succi\u00f3n fisiol\u00f3gico natural de un extractor de leche Medela, estimula la lactancia a la perfecci\u00f3n (talla est\u00e1ndar (24 mm)<\/p>\n<p>\u00a0<\/p>\n<p>SUJETO A DISPONIBILIDAD<\/p>\n","protected":false},"excerpt":{"rendered":"<p>Harmony, el extractor manual de Medela con la avanzada tecnolog\u00eda 2-Phase Expression<\/p>\n","protected":false},"featured_media":233436,"comment_status":"open","ping_status":"closed","template":"","meta":{"_et_pb_use_builder":"","_et_pb_old_content":"","_et_gb_content_width":""},"pwb-brand":[5296],"product_brand":[],"product_cat":[6643],"product_tag":[],"class_list":{"0":"post-259426","1":"product","2":"type-product","3":"status-publish","4":"has-post-thumbnail","6":"pwb-brand-medela","7":"product_cat-extractores-de-leche-eu","9":"first","10":"instock","11":"taxable","12":"shipping-taxable","13":"purchasable","14":"product-type-simple"},"yoast_head":"<!-- This site is optimized with the Yoast SEO plugin v27.4 - https:\/\/yoast.com\/product\/yoast-seo-wordpress\/ -->\n<title>Comprar Harmony Extractor Leche Manual de MEDELA<\/title>\n<meta name=\"description\" content=\"Compra el extractor modelo Harmony Extractor Leche Manual de MEDELA online o en nuestras tiendas Gaspachitos de Palencia, Valladolid o Cantabria\" \/>\n<meta name=\"robots\" content=\"index, follow, max-snippet:-1, max-image-preview:large, max-video-preview:-1\" \/>\n<link rel=\"canonical\" href=\"https:\/\/gaspachitos.com\/producto\/comprar-harmony-extractor-leche-manual-de-medela\/\" \/>\n<meta property=\"og:locale\" content=\"eu_ES\" \/>\n<meta property=\"og:type\" content=\"article\" \/>\n<meta property=\"og:title\" content=\"Comprar Harmony Extractor Leche Manual de MEDELA\" \/>\n<meta property=\"og:description\" content=\"Compra el extractor modelo Harmony Extractor Leche Manual de MEDELA online o en nuestras tiendas Gaspachitos de Palencia, Valladolid o Cantabria\" \/>\n<meta property=\"og:url\" content=\"https:\/\/gaspachitos.com\/producto\/comprar-harmony-extractor-leche-manual-de-medela\/\" \/>\n<meta property=\"og:site_name\" content=\"Gaspachitos\" \/>\n<meta property=\"og:image\" content=\"https:\/\/gaspachitos.com\/wp-content\/uploads\/2012\/11\/1042-thickbox_default-Harmony-Extractor-Leche-Manual-de-MEDELA.jpg\" \/>\n\t<meta property=\"og:image:width\" content=\"800\" \/>\n\t<meta property=\"og:image:height\" content=\"800\" \/>\n\t<meta property=\"og:image:type\" content=\"image\/jpeg\" \/>\n<meta name=\"twitter:card\" content=\"summary_large_image\" \/>\n<meta name=\"twitter:label1\" content=\"Est. reading time\" \/>\n\t<meta name=\"twitter:data1\" content=\"1 minute\" \/>\n<script type=\"application\/ld+json\" class=\"yoast-schema-graph\">{\"@context\":\"https:\\\/\\\/schema.org\",\"@graph\":[{\"@type\":\"WebPage\",\"@id\":\"https:\\\/\\\/gaspachitos.com\\\/producto\\\/comprar-harmony-extractor-leche-manual-de-medela\\\/\",\"url\":\"https:\\\/\\\/gaspachitos.com\\\/producto\\\/comprar-harmony-extractor-leche-manual-de-medela\\\/\",\"name\":\"Comprar Harmony Extractor Leche Manual de MEDELA\",\"isPartOf\":{\"@id\":\"https:\\\/\\\/gaspachitos.com\\\/#website\"},\"primaryImageOfPage\":{\"@id\":\"https:\\\/\\\/gaspachitos.com\\\/producto\\\/comprar-harmony-extractor-leche-manual-de-medela\\\/#primaryimage\"},\"image\":{\"@id\":\"https:\\\/\\\/gaspachitos.com\\\/producto\\\/comprar-harmony-extractor-leche-manual-de-medela\\\/#primaryimage\"},\"thumbnailUrl\":\"https:\\\/\\\/gaspachitos.com\\\/wp-content\\\/uploads\\\/2012\\\/11\\\/1042-thickbox_default-Harmony-Extractor-Leche-Manual-de-MEDELA.jpg\",\"datePublished\":\"2012-11-29T17:35:44+00:00\",\"description\":\"Compra el extractor modelo Harmony Extractor Leche Manual de MEDELA online o en nuestras tiendas Gaspachitos de Palencia, Valladolid o Cantabria\",\"breadcrumb\":{\"@id\":\"https:\\\/\\\/gaspachitos.com\\\/producto\\\/comprar-harmony-extractor-leche-manual-de-medela\\\/#breadcrumb\"},\"inLanguage\":\"eu-ES\",\"potentialAction\":[{\"@type\":\"ReadAction\",\"target\":[\"https:\\\/\\\/gaspachitos.com\\\/producto\\\/comprar-harmony-extractor-leche-manual-de-medela\\\/\"]}]},{\"@type\":\"ImageObject\",\"inLanguage\":\"eu-ES\",\"@id\":\"https:\\\/\\\/gaspachitos.com\\\/producto\\\/comprar-harmony-extractor-leche-manual-de-medela\\\/#primaryimage\",\"url\":\"https:\\\/\\\/gaspachitos.com\\\/wp-content\\\/uploads\\\/2012\\\/11\\\/1042-thickbox_default-Harmony-Extractor-Leche-Manual-de-MEDELA.jpg\",\"contentUrl\":\"https:\\\/\\\/gaspachitos.com\\\/wp-content\\\/uploads\\\/2012\\\/11\\\/1042-thickbox_default-Harmony-Extractor-Leche-Manual-de-MEDELA.jpg\",\"width\":800,\"height\":800},{\"@type\":\"BreadcrumbList\",\"@id\":\"https:\\\/\\\/gaspachitos.com\\\/producto\\\/comprar-harmony-extractor-leche-manual-de-medela\\\/#breadcrumb\",\"itemListElement\":[{\"@type\":\"ListItem\",\"position\":1,\"name\":\"Portada\",\"item\":\"https:\\\/\\\/gaspachitos.com\\\/\"},{\"@type\":\"ListItem\",\"position\":2,\"name\":\"Produtos\",\"item\":\"https:\\\/\\\/gaspachitos.com\\\/gl\\\/shop\\\/\"},{\"@type\":\"ListItem\",\"position\":3,\"name\":\"Harmony Extractor Leche Manual de MEDELA\"}]},{\"@type\":\"WebSite\",\"@id\":\"https:\\\/\\\/gaspachitos.com\\\/#website\",\"url\":\"https:\\\/\\\/gaspachitos.com\\\/\",\"name\":\"Gaspachitos\",\"description\":\"La tienda para tu beb\u00e9: cochecitos, sillas de paseo, cunas...\",\"potentialAction\":[{\"@type\":\"SearchAction\",\"target\":{\"@type\":\"EntryPoint\",\"urlTemplate\":\"https:\\\/\\\/gaspachitos.com\\\/?s={search_term_string}\"},\"query-input\":{\"@type\":\"PropertyValueSpecification\",\"valueRequired\":true,\"valueName\":\"search_term_string\"}}],\"inLanguage\":\"eu-ES\"}]}<\/script>\n<!-- \/ Yoast SEO plugin. -->","yoast_head_json":{"title":"Comprar Harmony Extractor Leche Manual de MEDELA","description":"Compra el extractor modelo Harmony Extractor Leche Manual de MEDELA online o en nuestras tiendas Gaspachitos de Palencia, Valladolid o Cantabria","robots":{"index":"index","follow":"follow","max-snippet":"max-snippet:-1","max-image-preview":"max-image-preview:large","max-video-preview":"max-video-preview:-1"},"canonical":"https:\/\/gaspachitos.com\/producto\/comprar-harmony-extractor-leche-manual-de-medela\/","og_locale":"eu_ES","og_type":"article","og_title":"Comprar Harmony Extractor Leche Manual de MEDELA","og_description":"Compra el extractor modelo Harmony Extractor Leche Manual de MEDELA online o en nuestras tiendas Gaspachitos de Palencia, Valladolid o Cantabria","og_url":"https:\/\/gaspachitos.com\/producto\/comprar-harmony-extractor-leche-manual-de-medela\/","og_site_name":"Gaspachitos","og_image":[{"width":800,"height":800,"url":"https:\/\/gaspachitos.com\/wp-content\/uploads\/2012\/11\/1042-thickbox_default-Harmony-Extractor-Leche-Manual-de-MEDELA.jpg","type":"image\/jpeg"}],"twitter_card":"summary_large_image","twitter_misc":{"Est. reading time":"1 minute"},"schema":{"@context":"https:\/\/schema.org","@graph":[{"@type":"WebPage","@id":"https:\/\/gaspachitos.com\/producto\/comprar-harmony-extractor-leche-manual-de-medela\/","url":"https:\/\/gaspachitos.com\/producto\/comprar-harmony-extractor-leche-manual-de-medela\/","name":"Comprar Harmony Extractor Leche Manual de MEDELA","isPartOf":{"@id":"https:\/\/gaspachitos.com\/#website"},"primaryImageOfPage":{"@id":"https:\/\/gaspachitos.com\/producto\/comprar-harmony-extractor-leche-manual-de-medela\/#primaryimage"},"image":{"@id":"https:\/\/gaspachitos.com\/producto\/comprar-harmony-extractor-leche-manual-de-medela\/#primaryimage"},"thumbnailUrl":"https:\/\/gaspachitos.com\/wp-content\/uploads\/2012\/11\/1042-thickbox_default-Harmony-Extractor-Leche-Manual-de-MEDELA.jpg","datePublished":"2012-11-29T17:35:44+00:00","description":"Compra el extractor modelo Harmony Extractor Leche Manual de MEDELA online o en nuestras tiendas Gaspachitos de Palencia, Valladolid o Cantabria","breadcrumb":{"@id":"https:\/\/gaspachitos.com\/producto\/comprar-harmony-extractor-leche-manual-de-medela\/#breadcrumb"},"inLanguage":"eu-ES","potentialAction":[{"@type":"ReadAction","target":["https:\/\/gaspachitos.com\/producto\/comprar-harmony-extractor-leche-manual-de-medela\/"]}]},{"@type":"ImageObject","inLanguage":"eu-ES","@id":"https:\/\/gaspachitos.com\/producto\/comprar-harmony-extractor-leche-manual-de-medela\/#primaryimage","url":"https:\/\/gaspachitos.com\/wp-content\/uploads\/2012\/11\/1042-thickbox_default-Harmony-Extractor-Leche-Manual-de-MEDELA.jpg","contentUrl":"https:\/\/gaspachitos.com\/wp-content\/uploads\/2012\/11\/1042-thickbox_default-Harmony-Extractor-Leche-Manual-de-MEDELA.jpg","width":800,"height":800},{"@type":"BreadcrumbList","@id":"https:\/\/gaspachitos.com\/producto\/comprar-harmony-extractor-leche-manual-de-medela\/#breadcrumb","itemListElement":[{"@type":"ListItem","position":1,"name":"Portada","item":"https:\/\/gaspachitos.com\/"},{"@type":"ListItem","position":2,"name":"Produtos","item":"https:\/\/gaspachitos.com\/gl\/shop\/"},{"@type":"ListItem","position":3,"name":"Harmony Extractor Leche Manual de MEDELA"}]},{"@type":"WebSite","@id":"https:\/\/gaspachitos.com\/#website","url":"https:\/\/gaspachitos.com\/","name":"Gaspachitos","description":"La tienda para tu beb\u00e9: cochecitos, sillas de paseo, cunas...","potentialAction":[{"@type":"SearchAction","target":{"@type":"EntryPoint","urlTemplate":"https:\/\/gaspachitos.com\/?s={search_term_string}"},"query-input":{"@type":"PropertyValueSpecification","valueRequired":true,"valueName":"search_term_string"}}],"inLanguage":"eu-ES"}]}},"brands":[{"id":5296,"name":"Medela","slug":"medela"}],"_links":{"self":[{"href":"https:\/\/gaspachitos.com\/eu\/wp-json\/wp\/v2\/product\/259426","targetHints":{"allow":["GET"]}}],"collection":[{"href":"https:\/\/gaspachitos.com\/eu\/wp-json\/wp\/v2\/product"}],"about":[{"href":"https:\/\/gaspachitos.com\/eu\/wp-json\/wp\/v2\/types\/product"}],"replies":[{"embeddable":true,"href":"https:\/\/gaspachitos.com\/eu\/wp-json\/wp\/v2\/comments?post=259426"}],"wp:featuredmedia":[{"embeddable":true,"href":"https:\/\/gaspachitos.com\/eu\/wp-json\/wp\/v2\/media\/233436"}],"wp:attachment":[{"href":"https:\/\/gaspachitos.com\/eu\/wp-json\/wp\/v2\/media?parent=259426"}],"wp:term":[{"taxonomy":"pwb-brand","embeddable":true,"href":"https:\/\/gaspachitos.com\/eu\/wp-json\/wp\/v2\/pwb-brand?post=259426"},{"taxonomy":"product_brand","embeddable":true,"href":"https:\/\/gaspachitos.com\/eu\/wp-json\/wp\/v2\/product_brand?post=259426"},{"taxonomy":"product_cat","embeddable":true,"href":"https:\/\/gaspachitos.com\/eu\/wp-json\/wp\/v2\/product_cat?post=259426"},{"taxonomy":"product_tag","embeddable":true,"href":"https:\/\/gaspachitos.com\/eu\/wp-json\/wp\/v2\/product_tag?post=259426"}],"curies":[{"name":"wp","href":"https:\/\/api.w.org\/{rel}","templated":true}]}}