{"id":259255,"date":"2012-11-28T18:59:03","date_gmt":"2012-11-28T16:59:03","guid":{"rendered":"https:\/\/nueva.gaspachitos.com\/producto\/comprar-biberon-150-ml-calma-con-tetina-para-leche-materna-de-medela\/"},"modified":"2012-11-28T18:59:03","modified_gmt":"2012-11-28T16:59:03","slug":"comprar-biberon-150-ml-calma-con-tetina-para-leche-materna-de-medela","status":"publish","type":"product","link":"https:\/\/gaspachitos.com\/eu\/producto\/comprar-biberon-150-ml-calma-con-tetina-para-leche-materna-de-medela\/","title":{"rendered":"Biberon 150 ml CALMA con tetina para leche materna de MEDELA"},"content":{"rendered":"<p>Ventajas t\u00e9cnicas de Calma:<\/p>\n<p> Orificio para el flujo de leche<br \/> 1 -El flujo de leche se regula por el vac\u00edo<br \/> creado por el beb\u00e9 y se controla gracias al<br \/> sistema de control del flujo de leche.<\/p>\n<p> Topes suaves<br \/> 2 -Los topes suaves evitan que la capa exterior<br \/> caiga y ayudan a estabilizarla.<\/p>\n<p> Sistema de ventilaci\u00f3n<br \/> 3- El biber\u00f3n recibe aire a trav\u00e9s del sistema<br \/> de ventilaci\u00f3n. La salida de la leche no est\u00e1<br \/> en absoluto relacionada con la fuerza con la<br \/> que se haya enroscado la tetina.<\/p>\n<p> Tapa m\u00faltiple (con 2 funciones)<br \/> 4 -Cierra firmemente el biber\u00f3n para evitar<br \/> derrames.<\/p>\n<p> Calma<br \/> 5 -Lo mantiene limpio durante el transporte.<\/p>\n<p> Tapa de protecci\u00f3n<br \/> 6 -Protege la tetina de Calma.<\/p>\n<p>\u00a0<\/p>\n<p>SUJETO A DISPONIBILIDAD<\/p>\n","protected":false},"excerpt":{"rendered":"<p><span>El biber\u00f3n Calma debido a su m\u00e9todo de alimentaci\u00f3n totalmente renovado y diferente al resto es un gran descubrimiento para todas\u00a0las madres que quieren alimentar a sus beb\u00e9s con leche materna. Este conserva la forma de succi\u00f3n natural debido a que la funci\u00f3n\u00a0es la misma a la que har\u00eda en el pecho fortaleciendo sus m\u00fasculos faciales. De esta manera puede combinar pecho y biber\u00f3n.<\/span><\/p>\n","protected":false},"featured_media":233211,"comment_status":"open","ping_status":"closed","template":"","meta":{"_et_pb_use_builder":"","_et_pb_old_content":"","_et_gb_content_width":""},"pwb-brand":[5296],"product_brand":[],"product_cat":[6346],"product_tag":[],"class_list":{"0":"post-259255","1":"product","2":"type-product","3":"status-publish","4":"has-post-thumbnail","6":"pwb-brand-medela","7":"product_cat-biberones-eu","9":"first","10":"instock","11":"taxable","12":"shipping-taxable","13":"purchasable","14":"product-type-simple"},"yoast_head":"<!-- This site is optimized with the Yoast SEO plugin v27.5 - https:\/\/yoast.com\/product\/yoast-seo-wordpress\/ -->\n<title>Comprar Biberon 150 ml CALMA con tetina para leche materna de MEDELA<\/title>\n<meta name=\"description\" content=\"Compra el Biberon 150 ml CALMA con tetina para leche materna de MEDELA online o en nuestras tiendas Gaspachitos de Palencia, Valladolid o Cantabria\" \/>\n<meta name=\"robots\" content=\"index, follow, max-snippet:-1, max-image-preview:large, max-video-preview:-1\" \/>\n<link rel=\"canonical\" href=\"https:\/\/gaspachitos.com\/producto\/comprar-biberon-150-ml-calma-con-tetina-para-leche-materna-de-medela\/\" \/>\n<meta property=\"og:locale\" content=\"eu_ES\" \/>\n<meta property=\"og:type\" content=\"article\" \/>\n<meta property=\"og:title\" content=\"Comprar Biberon 150 ml CALMA con tetina para leche materna de MEDELA\" \/>\n<meta property=\"og:description\" content=\"Compra el Biberon 150 ml CALMA con tetina para leche materna de MEDELA online o en nuestras tiendas Gaspachitos de Palencia, Valladolid o Cantabria\" \/>\n<meta property=\"og:url\" content=\"https:\/\/gaspachitos.com\/producto\/comprar-biberon-150-ml-calma-con-tetina-para-leche-materna-de-medela\/\" \/>\n<meta property=\"og:site_name\" content=\"Gaspachitos\" \/>\n<meta property=\"og:image\" content=\"https:\/\/gaspachitos.com\/wp-content\/uploads\/2012\/11\/6180-thickbox_default-Biberon-150-ml-CALMA-con-tetina-para-leche-materna-de-MEDELA.jpg\" \/>\n\t<meta property=\"og:image:width\" content=\"800\" \/>\n\t<meta property=\"og:image:height\" content=\"800\" \/>\n\t<meta property=\"og:image:type\" content=\"image\/jpeg\" \/>\n<meta name=\"twitter:card\" content=\"summary_large_image\" \/>\n<meta name=\"twitter:label1\" content=\"Est. reading time\" \/>\n\t<meta name=\"twitter:data1\" content=\"1 minute\" \/>\n<script type=\"application\/ld+json\" class=\"yoast-schema-graph\">{\"@context\":\"https:\\\/\\\/schema.org\",\"@graph\":[{\"@type\":\"WebPage\",\"@id\":\"https:\\\/\\\/gaspachitos.com\\\/producto\\\/comprar-biberon-150-ml-calma-con-tetina-para-leche-materna-de-medela\\\/\",\"url\":\"https:\\\/\\\/gaspachitos.com\\\/producto\\\/comprar-biberon-150-ml-calma-con-tetina-para-leche-materna-de-medela\\\/\",\"name\":\"Comprar Biberon 150 ml CALMA con tetina para leche materna de MEDELA\",\"isPartOf\":{\"@id\":\"https:\\\/\\\/gaspachitos.com\\\/#website\"},\"primaryImageOfPage\":{\"@id\":\"https:\\\/\\\/gaspachitos.com\\\/producto\\\/comprar-biberon-150-ml-calma-con-tetina-para-leche-materna-de-medela\\\/#primaryimage\"},\"image\":{\"@id\":\"https:\\\/\\\/gaspachitos.com\\\/producto\\\/comprar-biberon-150-ml-calma-con-tetina-para-leche-materna-de-medela\\\/#primaryimage\"},\"thumbnailUrl\":\"https:\\\/\\\/gaspachitos.com\\\/wp-content\\\/uploads\\\/2012\\\/11\\\/6180-thickbox_default-Biberon-150-ml-CALMA-con-tetina-para-leche-materna-de-MEDELA.jpg\",\"datePublished\":\"2012-11-28T16:59:03+00:00\",\"description\":\"Compra el Biberon 150 ml CALMA con tetina para leche materna de MEDELA online o en nuestras tiendas Gaspachitos de Palencia, Valladolid o Cantabria\",\"breadcrumb\":{\"@id\":\"https:\\\/\\\/gaspachitos.com\\\/producto\\\/comprar-biberon-150-ml-calma-con-tetina-para-leche-materna-de-medela\\\/#breadcrumb\"},\"inLanguage\":\"eu-ES\",\"potentialAction\":[{\"@type\":\"ReadAction\",\"target\":[\"https:\\\/\\\/gaspachitos.com\\\/producto\\\/comprar-biberon-150-ml-calma-con-tetina-para-leche-materna-de-medela\\\/\"]}]},{\"@type\":\"ImageObject\",\"inLanguage\":\"eu-ES\",\"@id\":\"https:\\\/\\\/gaspachitos.com\\\/producto\\\/comprar-biberon-150-ml-calma-con-tetina-para-leche-materna-de-medela\\\/#primaryimage\",\"url\":\"https:\\\/\\\/gaspachitos.com\\\/wp-content\\\/uploads\\\/2012\\\/11\\\/6180-thickbox_default-Biberon-150-ml-CALMA-con-tetina-para-leche-materna-de-MEDELA.jpg\",\"contentUrl\":\"https:\\\/\\\/gaspachitos.com\\\/wp-content\\\/uploads\\\/2012\\\/11\\\/6180-thickbox_default-Biberon-150-ml-CALMA-con-tetina-para-leche-materna-de-MEDELA.jpg\",\"width\":800,\"height\":800},{\"@type\":\"BreadcrumbList\",\"@id\":\"https:\\\/\\\/gaspachitos.com\\\/producto\\\/comprar-biberon-150-ml-calma-con-tetina-para-leche-materna-de-medela\\\/#breadcrumb\",\"itemListElement\":[{\"@type\":\"ListItem\",\"position\":1,\"name\":\"Portada\",\"item\":\"https:\\\/\\\/gaspachitos.com\\\/\"},{\"@type\":\"ListItem\",\"position\":2,\"name\":\"Produtos\",\"item\":\"https:\\\/\\\/gaspachitos.com\\\/gl\\\/shop\\\/\"},{\"@type\":\"ListItem\",\"position\":3,\"name\":\"Biberon 150 ml CALMA con tetina para leche materna de MEDELA\"}]},{\"@type\":\"WebSite\",\"@id\":\"https:\\\/\\\/gaspachitos.com\\\/#website\",\"url\":\"https:\\\/\\\/gaspachitos.com\\\/\",\"name\":\"Gaspachitos\",\"description\":\"La tienda para tu beb\u00e9: cochecitos, sillas de paseo, cunas...\",\"potentialAction\":[{\"@type\":\"SearchAction\",\"target\":{\"@type\":\"EntryPoint\",\"urlTemplate\":\"https:\\\/\\\/gaspachitos.com\\\/?s={search_term_string}\"},\"query-input\":{\"@type\":\"PropertyValueSpecification\",\"valueRequired\":true,\"valueName\":\"search_term_string\"}}],\"inLanguage\":\"eu-ES\"}]}<\/script>\n<!-- \/ Yoast SEO plugin. -->","yoast_head_json":{"title":"Comprar Biberon 150 ml CALMA con tetina para leche materna de MEDELA","description":"Compra el Biberon 150 ml CALMA con tetina para leche materna de MEDELA online o en nuestras tiendas Gaspachitos de Palencia, Valladolid o Cantabria","robots":{"index":"index","follow":"follow","max-snippet":"max-snippet:-1","max-image-preview":"max-image-preview:large","max-video-preview":"max-video-preview:-1"},"canonical":"https:\/\/gaspachitos.com\/producto\/comprar-biberon-150-ml-calma-con-tetina-para-leche-materna-de-medela\/","og_locale":"eu_ES","og_type":"article","og_title":"Comprar Biberon 150 ml CALMA con tetina para leche materna de MEDELA","og_description":"Compra el Biberon 150 ml CALMA con tetina para leche materna de MEDELA online o en nuestras tiendas Gaspachitos de Palencia, Valladolid o Cantabria","og_url":"https:\/\/gaspachitos.com\/producto\/comprar-biberon-150-ml-calma-con-tetina-para-leche-materna-de-medela\/","og_site_name":"Gaspachitos","og_image":[{"width":800,"height":800,"url":"https:\/\/gaspachitos.com\/wp-content\/uploads\/2012\/11\/6180-thickbox_default-Biberon-150-ml-CALMA-con-tetina-para-leche-materna-de-MEDELA.jpg","type":"image\/jpeg"}],"twitter_card":"summary_large_image","twitter_misc":{"Est. reading time":"1 minute"},"schema":{"@context":"https:\/\/schema.org","@graph":[{"@type":"WebPage","@id":"https:\/\/gaspachitos.com\/producto\/comprar-biberon-150-ml-calma-con-tetina-para-leche-materna-de-medela\/","url":"https:\/\/gaspachitos.com\/producto\/comprar-biberon-150-ml-calma-con-tetina-para-leche-materna-de-medela\/","name":"Comprar Biberon 150 ml CALMA con tetina para leche materna de MEDELA","isPartOf":{"@id":"https:\/\/gaspachitos.com\/#website"},"primaryImageOfPage":{"@id":"https:\/\/gaspachitos.com\/producto\/comprar-biberon-150-ml-calma-con-tetina-para-leche-materna-de-medela\/#primaryimage"},"image":{"@id":"https:\/\/gaspachitos.com\/producto\/comprar-biberon-150-ml-calma-con-tetina-para-leche-materna-de-medela\/#primaryimage"},"thumbnailUrl":"https:\/\/gaspachitos.com\/wp-content\/uploads\/2012\/11\/6180-thickbox_default-Biberon-150-ml-CALMA-con-tetina-para-leche-materna-de-MEDELA.jpg","datePublished":"2012-11-28T16:59:03+00:00","description":"Compra el Biberon 150 ml CALMA con tetina para leche materna de MEDELA online o en nuestras tiendas Gaspachitos de Palencia, Valladolid o Cantabria","breadcrumb":{"@id":"https:\/\/gaspachitos.com\/producto\/comprar-biberon-150-ml-calma-con-tetina-para-leche-materna-de-medela\/#breadcrumb"},"inLanguage":"eu-ES","potentialAction":[{"@type":"ReadAction","target":["https:\/\/gaspachitos.com\/producto\/comprar-biberon-150-ml-calma-con-tetina-para-leche-materna-de-medela\/"]}]},{"@type":"ImageObject","inLanguage":"eu-ES","@id":"https:\/\/gaspachitos.com\/producto\/comprar-biberon-150-ml-calma-con-tetina-para-leche-materna-de-medela\/#primaryimage","url":"https:\/\/gaspachitos.com\/wp-content\/uploads\/2012\/11\/6180-thickbox_default-Biberon-150-ml-CALMA-con-tetina-para-leche-materna-de-MEDELA.jpg","contentUrl":"https:\/\/gaspachitos.com\/wp-content\/uploads\/2012\/11\/6180-thickbox_default-Biberon-150-ml-CALMA-con-tetina-para-leche-materna-de-MEDELA.jpg","width":800,"height":800},{"@type":"BreadcrumbList","@id":"https:\/\/gaspachitos.com\/producto\/comprar-biberon-150-ml-calma-con-tetina-para-leche-materna-de-medela\/#breadcrumb","itemListElement":[{"@type":"ListItem","position":1,"name":"Portada","item":"https:\/\/gaspachitos.com\/"},{"@type":"ListItem","position":2,"name":"Produtos","item":"https:\/\/gaspachitos.com\/gl\/shop\/"},{"@type":"ListItem","position":3,"name":"Biberon 150 ml CALMA con tetina para leche materna de MEDELA"}]},{"@type":"WebSite","@id":"https:\/\/gaspachitos.com\/#website","url":"https:\/\/gaspachitos.com\/","name":"Gaspachitos","description":"La tienda para tu beb\u00e9: cochecitos, sillas de paseo, cunas...","potentialAction":[{"@type":"SearchAction","target":{"@type":"EntryPoint","urlTemplate":"https:\/\/gaspachitos.com\/?s={search_term_string}"},"query-input":{"@type":"PropertyValueSpecification","valueRequired":true,"valueName":"search_term_string"}}],"inLanguage":"eu-ES"}]}},"brands":[{"id":5296,"name":"Medela","slug":"medela"}],"_links":{"self":[{"href":"https:\/\/gaspachitos.com\/eu\/wp-json\/wp\/v2\/product\/259255","targetHints":{"allow":["GET"]}}],"collection":[{"href":"https:\/\/gaspachitos.com\/eu\/wp-json\/wp\/v2\/product"}],"about":[{"href":"https:\/\/gaspachitos.com\/eu\/wp-json\/wp\/v2\/types\/product"}],"replies":[{"embeddable":true,"href":"https:\/\/gaspachitos.com\/eu\/wp-json\/wp\/v2\/comments?post=259255"}],"wp:featuredmedia":[{"embeddable":true,"href":"https:\/\/gaspachitos.com\/eu\/wp-json\/wp\/v2\/media\/233211"}],"wp:attachment":[{"href":"https:\/\/gaspachitos.com\/eu\/wp-json\/wp\/v2\/media?parent=259255"}],"wp:term":[{"taxonomy":"pwb-brand","embeddable":true,"href":"https:\/\/gaspachitos.com\/eu\/wp-json\/wp\/v2\/pwb-brand?post=259255"},{"taxonomy":"product_brand","embeddable":true,"href":"https:\/\/gaspachitos.com\/eu\/wp-json\/wp\/v2\/product_brand?post=259255"},{"taxonomy":"product_cat","embeddable":true,"href":"https:\/\/gaspachitos.com\/eu\/wp-json\/wp\/v2\/product_cat?post=259255"},{"taxonomy":"product_tag","embeddable":true,"href":"https:\/\/gaspachitos.com\/eu\/wp-json\/wp\/v2\/product_tag?post=259255"}],"curies":[{"name":"wp","href":"https:\/\/api.w.org\/{rel}","templated":true}]}}