{"id":259183,"date":"2012-11-28T10:57:09","date_gmt":"2012-11-28T08:57:09","guid":{"rendered":"https:\/\/nueva.gaspachitos.com\/producto\/leche-corporal-hidratante-hydra-bebe-500ml-de-mustela\/"},"modified":"2012-11-28T10:57:09","modified_gmt":"2012-11-28T08:57:09","slug":"leche-corporal-hidratante-hydra-bebe-500ml-de-mustela","status":"publish","type":"product","link":"https:\/\/gaspachitos.com\/eu\/producto\/leche-corporal-hidratante-hydra-bebe-500ml-de-mustela\/","title":{"rendered":"Leche corporal hidratante Hydra Beb\u00e9 500ml de MUSTELA"},"content":{"rendered":"<p>&#8211; Refuerza la barrera cut\u00e1nea: la asociaci\u00f3n de aceite de jojoba y aceite de almendras dulces proporciona una hidrataci\u00f3n inmediata y duradera<\/p>\n<p> &#8211; Protege la piel de las agresiones medioambientales (poluci\u00f3n, agua calc\u00e1rea\u2026): su activo vegetal patentado refuerza el desarrollo natural de la piel<\/p>\n<p> &#8211; La manteca de karit\u00e9 aporta a la piel una extrema suavidad<\/p>\n<p> &#8211; Se absorbe r\u00e1pidamente gracias a su textura fina y ligera<\/p>\n<p> &#8211; Alta tolerancia cut\u00e1nea y ocular<\/p>\n<p>\u00a0<\/p>\n<p>SUJETO A DISPONIBILIDAD<\/p>\n","protected":false},"excerpt":{"rendered":"<p>Leche corporal para la hidrataci\u00f3n diaria de la piel delicada de los reci\u00e9n nacidos, beb\u00e9s y ni\u00f1os.<\/p>\n","protected":false},"featured_media":233094,"comment_status":"open","ping_status":"closed","template":"","meta":{"_et_pb_use_builder":"","_et_pb_old_content":"","_et_gb_content_width":""},"pwb-brand":[5323],"product_brand":[],"product_cat":[6409,5869],"product_tag":[],"class_list":{"0":"post-259183","1":"product","2":"type-product","3":"status-publish","4":"has-post-thumbnail","6":"pwb-brand-mustela","7":"product_cat-cosmetica-e-higiene-infantil-eu","8":"product_cat-productos-destacados-eu","10":"first","11":"instock","12":"taxable","13":"shipping-taxable","14":"purchasable","15":"product-type-simple"},"yoast_head":"<!-- This site is optimized with the Yoast SEO plugin v27.4 - https:\/\/yoast.com\/product\/yoast-seo-wordpress\/ -->\n<title>Comprar Leche corporal hidratante Hydra Beb\u00e9 500ml de MUSTELA<\/title>\n<meta name=\"description\" content=\"Compra la Leche corporal hidratante Hydra Beb\u00e9 500ml de MUSTELA online o en nuestras tiendas Gaspachitos de Palencia, Valladolid o Cantabria\" \/>\n<meta name=\"robots\" content=\"index, follow, max-snippet:-1, max-image-preview:large, max-video-preview:-1\" \/>\n<link rel=\"canonical\" href=\"https:\/\/gaspachitos.com\/producto\/leche-corporal-hidratante-hydra-bebe-500ml-de-mustela\/\" \/>\n<meta property=\"og:locale\" content=\"eu_ES\" \/>\n<meta property=\"og:type\" content=\"article\" \/>\n<meta property=\"og:title\" content=\"Comprar Leche corporal hidratante Hydra Beb\u00e9 500ml de MUSTELA\" \/>\n<meta property=\"og:description\" content=\"Compra la Leche corporal hidratante Hydra Beb\u00e9 500ml de MUSTELA online o en nuestras tiendas Gaspachitos de Palencia, Valladolid o Cantabria\" \/>\n<meta property=\"og:url\" content=\"https:\/\/gaspachitos.com\/producto\/leche-corporal-hidratante-hydra-bebe-500ml-de-mustela\/\" \/>\n<meta property=\"og:site_name\" content=\"Gaspachitos\" \/>\n<meta property=\"og:image\" content=\"https:\/\/gaspachitos.com\/wp-content\/uploads\/2012\/11\/6108-thickbox_default-Leche-corporal-hidratante-500ml-de-MUSTELA.jpg\" \/>\n\t<meta property=\"og:image:width\" content=\"800\" \/>\n\t<meta property=\"og:image:height\" content=\"800\" \/>\n\t<meta property=\"og:image:type\" content=\"image\/jpeg\" \/>\n<meta name=\"twitter:card\" content=\"summary_large_image\" \/>\n<script type=\"application\/ld+json\" class=\"yoast-schema-graph\">{\"@context\":\"https:\\\/\\\/schema.org\",\"@graph\":[{\"@type\":\"WebPage\",\"@id\":\"https:\\\/\\\/gaspachitos.com\\\/producto\\\/leche-corporal-hidratante-hydra-bebe-500ml-de-mustela\\\/\",\"url\":\"https:\\\/\\\/gaspachitos.com\\\/producto\\\/leche-corporal-hidratante-hydra-bebe-500ml-de-mustela\\\/\",\"name\":\"Comprar Leche corporal hidratante Hydra Beb\u00e9 500ml de MUSTELA\",\"isPartOf\":{\"@id\":\"https:\\\/\\\/gaspachitos.com\\\/#website\"},\"primaryImageOfPage\":{\"@id\":\"https:\\\/\\\/gaspachitos.com\\\/producto\\\/leche-corporal-hidratante-hydra-bebe-500ml-de-mustela\\\/#primaryimage\"},\"image\":{\"@id\":\"https:\\\/\\\/gaspachitos.com\\\/producto\\\/leche-corporal-hidratante-hydra-bebe-500ml-de-mustela\\\/#primaryimage\"},\"thumbnailUrl\":\"https:\\\/\\\/gaspachitos.com\\\/wp-content\\\/uploads\\\/2012\\\/11\\\/6108-thickbox_default-Leche-corporal-hidratante-Hydra-Bebe-500ml-de-MUSTELA.jpg\",\"datePublished\":\"2012-11-28T08:57:09+00:00\",\"description\":\"Compra la Leche corporal hidratante Hydra Beb\u00e9 500ml de MUSTELA online o en nuestras tiendas Gaspachitos de Palencia, Valladolid o Cantabria\",\"breadcrumb\":{\"@id\":\"https:\\\/\\\/gaspachitos.com\\\/producto\\\/leche-corporal-hidratante-hydra-bebe-500ml-de-mustela\\\/#breadcrumb\"},\"inLanguage\":\"eu-ES\",\"potentialAction\":[{\"@type\":\"ReadAction\",\"target\":[\"https:\\\/\\\/gaspachitos.com\\\/producto\\\/leche-corporal-hidratante-hydra-bebe-500ml-de-mustela\\\/\"]}]},{\"@type\":\"ImageObject\",\"inLanguage\":\"eu-ES\",\"@id\":\"https:\\\/\\\/gaspachitos.com\\\/producto\\\/leche-corporal-hidratante-hydra-bebe-500ml-de-mustela\\\/#primaryimage\",\"url\":\"https:\\\/\\\/gaspachitos.com\\\/wp-content\\\/uploads\\\/2012\\\/11\\\/6108-thickbox_default-Leche-corporal-hidratante-Hydra-Bebe-500ml-de-MUSTELA.jpg\",\"contentUrl\":\"https:\\\/\\\/gaspachitos.com\\\/wp-content\\\/uploads\\\/2012\\\/11\\\/6108-thickbox_default-Leche-corporal-hidratante-Hydra-Bebe-500ml-de-MUSTELA.jpg\",\"width\":800,\"height\":800},{\"@type\":\"BreadcrumbList\",\"@id\":\"https:\\\/\\\/gaspachitos.com\\\/producto\\\/leche-corporal-hidratante-hydra-bebe-500ml-de-mustela\\\/#breadcrumb\",\"itemListElement\":[{\"@type\":\"ListItem\",\"position\":1,\"name\":\"Portada\",\"item\":\"https:\\\/\\\/gaspachitos.com\\\/\"},{\"@type\":\"ListItem\",\"position\":2,\"name\":\"Produtos\",\"item\":\"https:\\\/\\\/gaspachitos.com\\\/gl\\\/shop\\\/\"},{\"@type\":\"ListItem\",\"position\":3,\"name\":\"Leche corporal hidratante Hydra Beb\u00e9 500ml de MUSTELA\"}]},{\"@type\":\"WebSite\",\"@id\":\"https:\\\/\\\/gaspachitos.com\\\/#website\",\"url\":\"https:\\\/\\\/gaspachitos.com\\\/\",\"name\":\"Gaspachitos\",\"description\":\"La tienda para tu beb\u00e9: cochecitos, sillas de paseo, cunas...\",\"potentialAction\":[{\"@type\":\"SearchAction\",\"target\":{\"@type\":\"EntryPoint\",\"urlTemplate\":\"https:\\\/\\\/gaspachitos.com\\\/?s={search_term_string}\"},\"query-input\":{\"@type\":\"PropertyValueSpecification\",\"valueRequired\":true,\"valueName\":\"search_term_string\"}}],\"inLanguage\":\"eu-ES\"}]}<\/script>\n<!-- \/ Yoast SEO plugin. -->","yoast_head_json":{"title":"Comprar Leche corporal hidratante Hydra Beb\u00e9 500ml de MUSTELA","description":"Compra la Leche corporal hidratante Hydra Beb\u00e9 500ml de MUSTELA online o en nuestras tiendas Gaspachitos de Palencia, Valladolid o Cantabria","robots":{"index":"index","follow":"follow","max-snippet":"max-snippet:-1","max-image-preview":"max-image-preview:large","max-video-preview":"max-video-preview:-1"},"canonical":"https:\/\/gaspachitos.com\/producto\/leche-corporal-hidratante-hydra-bebe-500ml-de-mustela\/","og_locale":"eu_ES","og_type":"article","og_title":"Comprar Leche corporal hidratante Hydra Beb\u00e9 500ml de MUSTELA","og_description":"Compra la Leche corporal hidratante Hydra Beb\u00e9 500ml de MUSTELA online o en nuestras tiendas Gaspachitos de Palencia, Valladolid o Cantabria","og_url":"https:\/\/gaspachitos.com\/producto\/leche-corporal-hidratante-hydra-bebe-500ml-de-mustela\/","og_site_name":"Gaspachitos","og_image":[{"width":800,"height":800,"url":"https:\/\/gaspachitos.com\/wp-content\/uploads\/2012\/11\/6108-thickbox_default-Leche-corporal-hidratante-500ml-de-MUSTELA.jpg","type":"image\/jpeg"}],"twitter_card":"summary_large_image","schema":{"@context":"https:\/\/schema.org","@graph":[{"@type":"WebPage","@id":"https:\/\/gaspachitos.com\/producto\/leche-corporal-hidratante-hydra-bebe-500ml-de-mustela\/","url":"https:\/\/gaspachitos.com\/producto\/leche-corporal-hidratante-hydra-bebe-500ml-de-mustela\/","name":"Comprar Leche corporal hidratante Hydra Beb\u00e9 500ml de MUSTELA","isPartOf":{"@id":"https:\/\/gaspachitos.com\/#website"},"primaryImageOfPage":{"@id":"https:\/\/gaspachitos.com\/producto\/leche-corporal-hidratante-hydra-bebe-500ml-de-mustela\/#primaryimage"},"image":{"@id":"https:\/\/gaspachitos.com\/producto\/leche-corporal-hidratante-hydra-bebe-500ml-de-mustela\/#primaryimage"},"thumbnailUrl":"https:\/\/gaspachitos.com\/wp-content\/uploads\/2012\/11\/6108-thickbox_default-Leche-corporal-hidratante-Hydra-Bebe-500ml-de-MUSTELA.jpg","datePublished":"2012-11-28T08:57:09+00:00","description":"Compra la Leche corporal hidratante Hydra Beb\u00e9 500ml de MUSTELA online o en nuestras tiendas Gaspachitos de Palencia, Valladolid o Cantabria","breadcrumb":{"@id":"https:\/\/gaspachitos.com\/producto\/leche-corporal-hidratante-hydra-bebe-500ml-de-mustela\/#breadcrumb"},"inLanguage":"eu-ES","potentialAction":[{"@type":"ReadAction","target":["https:\/\/gaspachitos.com\/producto\/leche-corporal-hidratante-hydra-bebe-500ml-de-mustela\/"]}]},{"@type":"ImageObject","inLanguage":"eu-ES","@id":"https:\/\/gaspachitos.com\/producto\/leche-corporal-hidratante-hydra-bebe-500ml-de-mustela\/#primaryimage","url":"https:\/\/gaspachitos.com\/wp-content\/uploads\/2012\/11\/6108-thickbox_default-Leche-corporal-hidratante-Hydra-Bebe-500ml-de-MUSTELA.jpg","contentUrl":"https:\/\/gaspachitos.com\/wp-content\/uploads\/2012\/11\/6108-thickbox_default-Leche-corporal-hidratante-Hydra-Bebe-500ml-de-MUSTELA.jpg","width":800,"height":800},{"@type":"BreadcrumbList","@id":"https:\/\/gaspachitos.com\/producto\/leche-corporal-hidratante-hydra-bebe-500ml-de-mustela\/#breadcrumb","itemListElement":[{"@type":"ListItem","position":1,"name":"Portada","item":"https:\/\/gaspachitos.com\/"},{"@type":"ListItem","position":2,"name":"Produtos","item":"https:\/\/gaspachitos.com\/gl\/shop\/"},{"@type":"ListItem","position":3,"name":"Leche corporal hidratante Hydra Beb\u00e9 500ml de MUSTELA"}]},{"@type":"WebSite","@id":"https:\/\/gaspachitos.com\/#website","url":"https:\/\/gaspachitos.com\/","name":"Gaspachitos","description":"La tienda para tu beb\u00e9: cochecitos, sillas de paseo, cunas...","potentialAction":[{"@type":"SearchAction","target":{"@type":"EntryPoint","urlTemplate":"https:\/\/gaspachitos.com\/?s={search_term_string}"},"query-input":{"@type":"PropertyValueSpecification","valueRequired":true,"valueName":"search_term_string"}}],"inLanguage":"eu-ES"}]}},"brands":[{"id":5323,"name":"Mustela","slug":"mustela"}],"_links":{"self":[{"href":"https:\/\/gaspachitos.com\/eu\/wp-json\/wp\/v2\/product\/259183","targetHints":{"allow":["GET"]}}],"collection":[{"href":"https:\/\/gaspachitos.com\/eu\/wp-json\/wp\/v2\/product"}],"about":[{"href":"https:\/\/gaspachitos.com\/eu\/wp-json\/wp\/v2\/types\/product"}],"replies":[{"embeddable":true,"href":"https:\/\/gaspachitos.com\/eu\/wp-json\/wp\/v2\/comments?post=259183"}],"wp:featuredmedia":[{"embeddable":true,"href":"https:\/\/gaspachitos.com\/eu\/wp-json\/wp\/v2\/media\/233094"}],"wp:attachment":[{"href":"https:\/\/gaspachitos.com\/eu\/wp-json\/wp\/v2\/media?parent=259183"}],"wp:term":[{"taxonomy":"pwb-brand","embeddable":true,"href":"https:\/\/gaspachitos.com\/eu\/wp-json\/wp\/v2\/pwb-brand?post=259183"},{"taxonomy":"product_brand","embeddable":true,"href":"https:\/\/gaspachitos.com\/eu\/wp-json\/wp\/v2\/product_brand?post=259183"},{"taxonomy":"product_cat","embeddable":true,"href":"https:\/\/gaspachitos.com\/eu\/wp-json\/wp\/v2\/product_cat?post=259183"},{"taxonomy":"product_tag","embeddable":true,"href":"https:\/\/gaspachitos.com\/eu\/wp-json\/wp\/v2\/product_tag?post=259183"}],"curies":[{"name":"wp","href":"https:\/\/api.w.org\/{rel}","templated":true}]}}