{"id":258871,"date":"2012-11-21T18:33:25","date_gmt":"2012-11-21T16:33:25","guid":{"rendered":"https:\/\/nueva.gaspachitos.com\/producto\/colchon-de-espuma-acolchado-para-cuna-de-la-ciguena\/"},"modified":"2012-11-21T18:33:25","modified_gmt":"2012-11-21T16:33:25","slug":"colchon-de-espuma-acolchado-para-cuna-de-la-ciguena","status":"publish","type":"product","link":"https:\/\/gaspachitos.com\/eu\/producto\/colchon-de-espuma-acolchado-para-cuna-de-la-ciguena\/","title":{"rendered":"Colch\u00f3n de Espuma Acolchado para Cuna de LA CIG\u00dcE\u00d1A"},"content":{"rendered":"<h2><strong><span style=\"font-family:verdana;\">Colch\u00f3n de Espuma Acolchado para Cuna<\/span><\/strong><\/h2>\n<p>En los a\u00f1os 50 aparece la &#8220;goma espuma&#8221;, un material poco resistente y de corta duraci\u00f3n. La creciente demanda de productos cada vez de mayor calidad y que proporcionen un m\u00e1ximo de confort en el descanso, empuja a la b\u00fasqueda de nuevas tecnolog\u00edas y procesos que nos llevan a las actuales Espumas de Poliuretano de Nueva Generaci\u00f3n, unos pol\u00edmetros de isocianatos y polioles que proporcionan unas estructuras reticulares de gran poder de recuperaci\u00f3n, una elasticidad y una firmeza capaces de satisfacer todo la gama de demandas para el descanso, la comodidad y la higiene postural.<\/p>\n<p>Su precisa adaptaci\u00f3n al cuerpo proporciona una ergonom\u00eda id\u00f3nea para el descanso. Su propia composici\u00f3n hace de \u00e9stas espumas un material hipoalerg\u00e9nico, acariciada y fungicida.<\/p>\n<\/p>\n<p><strong>Caracter\u00edsticas t\u00e9cnicas:<\/strong><\/p>\n<ul>\n<li>Colch\u00f3n con n\u00facleo de 10 cm de grueso<\/li>\n<li>Fabricado con poliuretano de alta densidad que favorece la higiene postural del bebe en su descanso<\/li>\n<li>Tejido DAMASCO con acabado extra suave<\/li>\n<li>Cuenta con una cara del colch\u00f3n de borreguillo y otra no<\/li>\n<li>Acolchado en espuma de alta densidad que proporciona un agradable mullido<\/li>\n<li>Ribeteado en todo su per\u00edmetro<\/li>\n<li>Poliuretano de nueva generaci\u00f3n<\/li>\n<li>Hipoalerg\u00e9nico<\/li>\n<li>Antibacterias<\/li>\n<li>Antihongos<\/li>\n<li>Anti\u00e1caros<\/li>\n<li>Libre de PVC<\/li>\n<\/ul>\n<\/p>\n<p><strong>Especificaciones:<\/strong><\/p>\n<p>Nosotros\u00a0<em><strong>recomendamos<\/strong><\/em>\u00a0las medidas para cualquier tipo de colch\u00f3n de\u00a0<span style=\"text-decoration:underline;\">117 x 57<\/span>\u00a0cm para cunas de las medidas est\u00e1ndar (120&#215;60) ya que es el espacio suficiente para poder meter por debajo edredones, s\u00e1banas&#8230;<\/p>\n<\/p>\n<\/p>\n<p>SUJETO A DISPONIBILIDAD<\/p>\n","protected":false},"excerpt":{"rendered":"<p>Su precisa adaptaci\u00f3n al cuerpo proporciona una ergonom\u00eda id\u00f3nea para el descanso. Su propia composici\u00f3n hace de \u00e9stas espumas un material hipoalerg\u00e9nico, acariciada y fungicida.<\/p>\n","protected":false},"featured_media":258799,"comment_status":"open","ping_status":"closed","template":"","meta":{"_et_pb_use_builder":"","_et_pb_old_content":"","_et_gb_content_width":""},"pwb-brand":[5278],"product_brand":[],"product_cat":[6085,5869],"product_tag":[],"class_list":{"0":"post-258871","1":"product","2":"type-product","3":"status-publish","4":"has-post-thumbnail","6":"pwb-brand-la-ciguena","7":"product_cat-colchones-de-cuna-cama-eu","8":"product_cat-productos-destacados-eu","9":"pa_color-blanco-eu","10":"pa_medida-115x55cm-eu","11":"pa_medida-117x57cm-eu","12":"pa_medida-120x60cm-eu","13":"pa_medida-130x80cm-eu","14":"pa_medida-137x67cm-eu","15":"pa_medida-140x70cm-eu","17":"first","18":"instock","19":"taxable","20":"shipping-taxable","21":"purchasable","22":"product-type-variable","23":"has-default-attributes"},"yoast_head":"<!-- This site is optimized with the Yoast SEO plugin v27.5 - https:\/\/yoast.com\/product\/yoast-seo-wordpress\/ -->\n<title>Colch\u00f3n de Espuma Acolchado para Cuna de LA CIG\u00dcE\u00d1A - Gaspachitos<\/title>\n<meta name=\"description\" content=\"comprar colch\u00f3n de espuma acolchado para cuna de la cig\u00fce\u00f1a online o en nuestras tiendas Gaspachitos en Palencia, Valladolid, Cantabria\" \/>\n<meta name=\"robots\" content=\"index, follow, max-snippet:-1, max-image-preview:large, max-video-preview:-1\" \/>\n<link rel=\"canonical\" href=\"https:\/\/gaspachitos.com\/producto\/colchon-de-espuma-acolchado-para-cuna-de-la-ciguena\/\" \/>\n<meta property=\"og:locale\" content=\"eu_ES\" \/>\n<meta property=\"og:type\" content=\"article\" \/>\n<meta property=\"og:title\" content=\"Colch\u00f3n de Espuma Acolchado para Cuna de LA CIG\u00dcE\u00d1A - Gaspachitos\" \/>\n<meta property=\"og:description\" content=\"comprar colch\u00f3n de espuma acolchado para cuna de la cig\u00fce\u00f1a online o en nuestras tiendas Gaspachitos en Palencia, Valladolid, Cantabria\" \/>\n<meta property=\"og:url\" content=\"https:\/\/gaspachitos.com\/producto\/colchon-de-espuma-acolchado-para-cuna-de-la-ciguena\/\" \/>\n<meta property=\"og:site_name\" content=\"Gaspachitos\" \/>\n<meta property=\"og:image\" content=\"https:\/\/gaspachitos.com\/wp-content\/uploads\/2012\/11\/5799-thickbox_default-Colchon-de-Espuma-Acolchado-para-Cuna-de-LA-CIGUENA-5799.jpg\" \/>\n\t<meta property=\"og:image:width\" content=\"800\" \/>\n\t<meta property=\"og:image:height\" content=\"800\" \/>\n\t<meta property=\"og:image:type\" content=\"image\/jpeg\" \/>\n<meta name=\"twitter:card\" content=\"summary_large_image\" \/>\n<meta name=\"twitter:label1\" content=\"Est. reading time\" \/>\n\t<meta name=\"twitter:data1\" content=\"1 minute\" \/>\n<script type=\"application\/ld+json\" class=\"yoast-schema-graph\">{\"@context\":\"https:\\\/\\\/schema.org\",\"@graph\":[{\"@type\":\"WebPage\",\"@id\":\"https:\\\/\\\/gaspachitos.com\\\/producto\\\/colchon-de-espuma-acolchado-para-cuna-de-la-ciguena\\\/\",\"url\":\"https:\\\/\\\/gaspachitos.com\\\/producto\\\/colchon-de-espuma-acolchado-para-cuna-de-la-ciguena\\\/\",\"name\":\"Colch\u00f3n de Espuma Acolchado para Cuna de LA CIG\u00dcE\u00d1A - Gaspachitos\",\"isPartOf\":{\"@id\":\"https:\\\/\\\/gaspachitos.com\\\/#website\"},\"primaryImageOfPage\":{\"@id\":\"https:\\\/\\\/gaspachitos.com\\\/producto\\\/colchon-de-espuma-acolchado-para-cuna-de-la-ciguena\\\/#primaryimage\"},\"image\":{\"@id\":\"https:\\\/\\\/gaspachitos.com\\\/producto\\\/colchon-de-espuma-acolchado-para-cuna-de-la-ciguena\\\/#primaryimage\"},\"thumbnailUrl\":\"https:\\\/\\\/gaspachitos.com\\\/wp-content\\\/uploads\\\/2012\\\/11\\\/5799-thickbox_default-Colchon-de-Espuma-Acolchado-para-Cuna-de-LA-CIGUENA-5799.jpg\",\"datePublished\":\"2012-11-21T16:33:25+00:00\",\"description\":\"comprar colch\u00f3n de espuma acolchado para cuna de la cig\u00fce\u00f1a online o en nuestras tiendas Gaspachitos en Palencia, Valladolid, Cantabria\",\"breadcrumb\":{\"@id\":\"https:\\\/\\\/gaspachitos.com\\\/producto\\\/colchon-de-espuma-acolchado-para-cuna-de-la-ciguena\\\/#breadcrumb\"},\"inLanguage\":\"eu-ES\",\"potentialAction\":[{\"@type\":\"ReadAction\",\"target\":[\"https:\\\/\\\/gaspachitos.com\\\/producto\\\/colchon-de-espuma-acolchado-para-cuna-de-la-ciguena\\\/\"]}]},{\"@type\":\"ImageObject\",\"inLanguage\":\"eu-ES\",\"@id\":\"https:\\\/\\\/gaspachitos.com\\\/producto\\\/colchon-de-espuma-acolchado-para-cuna-de-la-ciguena\\\/#primaryimage\",\"url\":\"https:\\\/\\\/gaspachitos.com\\\/wp-content\\\/uploads\\\/2012\\\/11\\\/5799-thickbox_default-Colchon-de-Espuma-Acolchado-para-Cuna-de-LA-CIGUENA-5799.jpg\",\"contentUrl\":\"https:\\\/\\\/gaspachitos.com\\\/wp-content\\\/uploads\\\/2012\\\/11\\\/5799-thickbox_default-Colchon-de-Espuma-Acolchado-para-Cuna-de-LA-CIGUENA-5799.jpg\",\"width\":800,\"height\":800,\"caption\":\"Colch\u00f3n de Espuma Acolchado para Cuna de LA CIG\u00dcE\u00d1A-5799\"},{\"@type\":\"BreadcrumbList\",\"@id\":\"https:\\\/\\\/gaspachitos.com\\\/producto\\\/colchon-de-espuma-acolchado-para-cuna-de-la-ciguena\\\/#breadcrumb\",\"itemListElement\":[{\"@type\":\"ListItem\",\"position\":1,\"name\":\"Portada\",\"item\":\"https:\\\/\\\/gaspachitos.com\\\/\"},{\"@type\":\"ListItem\",\"position\":2,\"name\":\"Produtos\",\"item\":\"https:\\\/\\\/gaspachitos.com\\\/gl\\\/shop\\\/\"},{\"@type\":\"ListItem\",\"position\":3,\"name\":\"Colch\u00f3n de Espuma Acolchado para Cuna de LA CIG\u00dcE\u00d1A\"}]},{\"@type\":\"WebSite\",\"@id\":\"https:\\\/\\\/gaspachitos.com\\\/#website\",\"url\":\"https:\\\/\\\/gaspachitos.com\\\/\",\"name\":\"Gaspachitos\",\"description\":\"La tienda para tu beb\u00e9: cochecitos, sillas de paseo, cunas...\",\"potentialAction\":[{\"@type\":\"SearchAction\",\"target\":{\"@type\":\"EntryPoint\",\"urlTemplate\":\"https:\\\/\\\/gaspachitos.com\\\/?s={search_term_string}\"},\"query-input\":{\"@type\":\"PropertyValueSpecification\",\"valueRequired\":true,\"valueName\":\"search_term_string\"}}],\"inLanguage\":\"eu-ES\"}]}<\/script>\n<!-- \/ Yoast SEO plugin. -->","yoast_head_json":{"title":"Colch\u00f3n de Espuma Acolchado para Cuna de LA CIG\u00dcE\u00d1A - Gaspachitos","description":"comprar colch\u00f3n de espuma acolchado para cuna de la cig\u00fce\u00f1a online o en nuestras tiendas Gaspachitos en Palencia, Valladolid, Cantabria","robots":{"index":"index","follow":"follow","max-snippet":"max-snippet:-1","max-image-preview":"max-image-preview:large","max-video-preview":"max-video-preview:-1"},"canonical":"https:\/\/gaspachitos.com\/producto\/colchon-de-espuma-acolchado-para-cuna-de-la-ciguena\/","og_locale":"eu_ES","og_type":"article","og_title":"Colch\u00f3n de Espuma Acolchado para Cuna de LA CIG\u00dcE\u00d1A - Gaspachitos","og_description":"comprar colch\u00f3n de espuma acolchado para cuna de la cig\u00fce\u00f1a online o en nuestras tiendas Gaspachitos en Palencia, Valladolid, Cantabria","og_url":"https:\/\/gaspachitos.com\/producto\/colchon-de-espuma-acolchado-para-cuna-de-la-ciguena\/","og_site_name":"Gaspachitos","og_image":[{"width":800,"height":800,"url":"https:\/\/gaspachitos.com\/wp-content\/uploads\/2012\/11\/5799-thickbox_default-Colchon-de-Espuma-Acolchado-para-Cuna-de-LA-CIGUENA-5799.jpg","type":"image\/jpeg"}],"twitter_card":"summary_large_image","twitter_misc":{"Est. reading time":"1 minute"},"schema":{"@context":"https:\/\/schema.org","@graph":[{"@type":"WebPage","@id":"https:\/\/gaspachitos.com\/producto\/colchon-de-espuma-acolchado-para-cuna-de-la-ciguena\/","url":"https:\/\/gaspachitos.com\/producto\/colchon-de-espuma-acolchado-para-cuna-de-la-ciguena\/","name":"Colch\u00f3n de Espuma Acolchado para Cuna de LA CIG\u00dcE\u00d1A - Gaspachitos","isPartOf":{"@id":"https:\/\/gaspachitos.com\/#website"},"primaryImageOfPage":{"@id":"https:\/\/gaspachitos.com\/producto\/colchon-de-espuma-acolchado-para-cuna-de-la-ciguena\/#primaryimage"},"image":{"@id":"https:\/\/gaspachitos.com\/producto\/colchon-de-espuma-acolchado-para-cuna-de-la-ciguena\/#primaryimage"},"thumbnailUrl":"https:\/\/gaspachitos.com\/wp-content\/uploads\/2012\/11\/5799-thickbox_default-Colchon-de-Espuma-Acolchado-para-Cuna-de-LA-CIGUENA-5799.jpg","datePublished":"2012-11-21T16:33:25+00:00","description":"comprar colch\u00f3n de espuma acolchado para cuna de la cig\u00fce\u00f1a online o en nuestras tiendas Gaspachitos en Palencia, Valladolid, Cantabria","breadcrumb":{"@id":"https:\/\/gaspachitos.com\/producto\/colchon-de-espuma-acolchado-para-cuna-de-la-ciguena\/#breadcrumb"},"inLanguage":"eu-ES","potentialAction":[{"@type":"ReadAction","target":["https:\/\/gaspachitos.com\/producto\/colchon-de-espuma-acolchado-para-cuna-de-la-ciguena\/"]}]},{"@type":"ImageObject","inLanguage":"eu-ES","@id":"https:\/\/gaspachitos.com\/producto\/colchon-de-espuma-acolchado-para-cuna-de-la-ciguena\/#primaryimage","url":"https:\/\/gaspachitos.com\/wp-content\/uploads\/2012\/11\/5799-thickbox_default-Colchon-de-Espuma-Acolchado-para-Cuna-de-LA-CIGUENA-5799.jpg","contentUrl":"https:\/\/gaspachitos.com\/wp-content\/uploads\/2012\/11\/5799-thickbox_default-Colchon-de-Espuma-Acolchado-para-Cuna-de-LA-CIGUENA-5799.jpg","width":800,"height":800,"caption":"Colch\u00f3n de Espuma Acolchado para Cuna de LA CIG\u00dcE\u00d1A-5799"},{"@type":"BreadcrumbList","@id":"https:\/\/gaspachitos.com\/producto\/colchon-de-espuma-acolchado-para-cuna-de-la-ciguena\/#breadcrumb","itemListElement":[{"@type":"ListItem","position":1,"name":"Portada","item":"https:\/\/gaspachitos.com\/"},{"@type":"ListItem","position":2,"name":"Produtos","item":"https:\/\/gaspachitos.com\/gl\/shop\/"},{"@type":"ListItem","position":3,"name":"Colch\u00f3n de Espuma Acolchado para Cuna de LA CIG\u00dcE\u00d1A"}]},{"@type":"WebSite","@id":"https:\/\/gaspachitos.com\/#website","url":"https:\/\/gaspachitos.com\/","name":"Gaspachitos","description":"La tienda para tu beb\u00e9: cochecitos, sillas de paseo, cunas...","potentialAction":[{"@type":"SearchAction","target":{"@type":"EntryPoint","urlTemplate":"https:\/\/gaspachitos.com\/?s={search_term_string}"},"query-input":{"@type":"PropertyValueSpecification","valueRequired":true,"valueName":"search_term_string"}}],"inLanguage":"eu-ES"}]}},"brands":[{"id":5278,"name":"La cig\u00fce\u00f1a","slug":"la-ciguena"}],"_links":{"self":[{"href":"https:\/\/gaspachitos.com\/eu\/wp-json\/wp\/v2\/product\/258871","targetHints":{"allow":["GET"]}}],"collection":[{"href":"https:\/\/gaspachitos.com\/eu\/wp-json\/wp\/v2\/product"}],"about":[{"href":"https:\/\/gaspachitos.com\/eu\/wp-json\/wp\/v2\/types\/product"}],"replies":[{"embeddable":true,"href":"https:\/\/gaspachitos.com\/eu\/wp-json\/wp\/v2\/comments?post=258871"}],"wp:featuredmedia":[{"embeddable":true,"href":"https:\/\/gaspachitos.com\/eu\/wp-json\/wp\/v2\/media\/258799"}],"wp:attachment":[{"href":"https:\/\/gaspachitos.com\/eu\/wp-json\/wp\/v2\/media?parent=258871"}],"wp:term":[{"taxonomy":"pwb-brand","embeddable":true,"href":"https:\/\/gaspachitos.com\/eu\/wp-json\/wp\/v2\/pwb-brand?post=258871"},{"taxonomy":"product_brand","embeddable":true,"href":"https:\/\/gaspachitos.com\/eu\/wp-json\/wp\/v2\/product_brand?post=258871"},{"taxonomy":"product_cat","embeddable":true,"href":"https:\/\/gaspachitos.com\/eu\/wp-json\/wp\/v2\/product_cat?post=258871"},{"taxonomy":"product_tag","embeddable":true,"href":"https:\/\/gaspachitos.com\/eu\/wp-json\/wp\/v2\/product_tag?post=258871"}],"curies":[{"name":"wp","href":"https:\/\/api.w.org\/{rel}","templated":true}]}}