{"id":258791,"date":"2012-11-21T17:20:58","date_gmt":"2012-11-21T15:20:58","guid":{"rendered":"https:\/\/nueva.gaspachitos.com\/producto\/colchon-de-muelles-coco-viscoelastica-para-cuna-de-la-ciguena\/"},"modified":"2012-11-21T17:20:58","modified_gmt":"2012-11-21T15:20:58","slug":"colchon-de-muelles-coco-viscoelastica-para-cuna-de-la-ciguena","status":"publish","type":"product","link":"https:\/\/gaspachitos.com\/eu\/producto\/colchon-de-muelles-coco-viscoelastica-para-cuna-de-la-ciguena\/","title":{"rendered":"Colch\u00f3n de Muelles Coco-Viscoel\u00e1stica para Cuna de la CIG\u00dcE\u00d1A"},"content":{"rendered":"<h2><strong><span style=\"font-family:verdana;\">Colch\u00f3n de Muelles Coco-Viscoel\u00e1stica para Cuna<\/span><\/strong><\/h2>\n<p>El <em>Visco<\/em> es por tanto capaz de ofrecer un confort incomparable ya que cada parte del cuerpo es soportada en funci\u00f3n de peso, de la temperatura y de la presi\u00f3n ejercida, impidiendo, por tanto, posturas no naturales que obligan al cuello, lumbares y cervicales a mantenerse contra\u00eddas durante el descanso.<\/p>\n<\/p>\n<p>La <em>fibra de Coco<\/em> facilita de forma natural la adaptabilidad del cuerpo y peso del ni\u00f1o en su crecimiento. Sus caracter\u00edsticas son extraordinariamente buenas, ya que su gran volumen de poros garantiza la m\u00e1xima transpiraci\u00f3n, impidiendo la acumulaci\u00f3n de humedad, bacterias y hongos.<\/p>\n<\/p>\n<p>La carcasa de <em>muelles Bonnell<\/em> es una estructura formada por muelles bic\u00f3nicos de hilo de acero de 2 mm, templado al horno y unidos mediante grapado a una varilla perimetral estabilizadora de 4 mm. Este tipo de carcasa presenta una estructura cerrada el\u00e1stica-r\u00edgida, denominada Cell, que ofrece una superficie homog\u00e9nea y firme de descanso.<\/p>\n<\/p>\n<p><strong>Caracter\u00edsticas t\u00e9cnicas:<\/strong><\/p>\n<ul>\n<li>Colch\u00f3n con n\u00facleo de muelles tipo Bonnell de acero templado, que proporciona la firmeza optima para el desarrollo corporal del bebe<\/li>\n<li>Sobre los muelles una plancha de alta densidad de fibras naturales que facilitan la m\u00e1xima ventilaci\u00f3n y transpirabilidad del colch\u00f3n\u00a0<\/li>\n<li>Estas fibras naturales evitan la proliferaci\u00f3n de \u00e1caros, hongos y bacterias en el colch\u00f3n<\/li>\n<li>Sobre estas fibras naturales una capa VISCOELASTICA 100% por ambas caras, que proporciona un inigualable efecto tranquilizador\u00a0<\/li>\n<li>Tejido STRECH transpirable con acabado extra suave\u00a0<\/li>\n<li>Acolchado en espuma de alta densidad que proporciona un agradable mullido<\/li>\n<li>Ribeteado en todo su per\u00edmetro<\/li>\n<li>Carcasa de muelle de acero templado tipo Bonnell<\/li>\n<li>VISCOELASTICO 100%<\/li>\n<li>Antiahogo<\/li>\n<li>Transpirable<\/li>\n<li>Ergon\u00f3mico<\/li>\n<li>Hipoalerg\u00e9nico<\/li>\n<li>Antibacterias<\/li>\n<li>Antihongos<\/li>\n<li>Anti\u00e1caros<\/li>\n<\/ul>\n<\/p>\n<p><strong>Especificaciones:<\/strong><\/p>\n<p>Nosotros\u00a0<em><strong>recomendamos<\/strong><\/em>\u00a0las medidas para cualquier tipo de colch\u00f3n de\u00a0<span style=\"text-decoration:underline;\">117 x 57<\/span>\u00a0cm para cunas de las medidas est\u00e1ndar (120&#215;60) ya que es el espacio suficiente para poder meter por debajo edredones, s\u00e1banas&#8230;<\/p>\n<\/p>\n<\/p>\n<p>SUJETO A DISPONIBILIDAD<\/p>\n","protected":false},"excerpt":{"rendered":"<p>Este nuevo material de <strong><em>visco<\/em><\/strong> ha sido desarrollado por la NASA para su uso en la estaci\u00f3n espacial y posteriormente se ha integrado en el mundo del descanso debido a sus propiedades de adaptaci\u00f3n al cuerpo y su efecto relajante.<\/p>\n<p>La <strong><em>fibra de coco<\/em><\/strong> es un material completamente natural con unas propiedades excepcionales de transpiraci\u00f3n , firmeza y porosidad que lo hace id\u00f3neo para el colch\u00f3n de cuna.<\/p>\n","protected":false},"featured_media":258700,"comment_status":"open","ping_status":"closed","template":"","meta":{"_et_pb_use_builder":"","_et_pb_old_content":"","_et_gb_content_width":""},"pwb-brand":[5278],"product_brand":[],"product_cat":[6085,5869],"product_tag":[],"class_list":{"0":"post-258791","1":"product","2":"type-product","3":"status-publish","4":"has-post-thumbnail","6":"pwb-brand-la-ciguena","7":"product_cat-colchones-de-cuna-cama-eu","8":"product_cat-productos-destacados-eu","9":"pa_color-blanco-eu","10":"pa_medida-115x55cm-eu","11":"pa_medida-117x57cm-eu","12":"pa_medida-120x60cm-eu","13":"pa_medida-137x67cm-eu","14":"pa_medida-140x70cm-eu","16":"first","17":"instock","18":"taxable","19":"shipping-taxable","20":"purchasable","21":"product-type-variable","22":"has-default-attributes"},"yoast_head":"<!-- This site is optimized with the Yoast SEO plugin v27.4 - https:\/\/yoast.com\/product\/yoast-seo-wordpress\/ -->\n<title>Colch\u00f3n de Muelles Coco-Viscoel\u00e1stica para Cuna de la CIG\u00dcE\u00d1A - Gaspachitos<\/title>\n<meta name=\"description\" content=\"comprar colch\u00f3n de muelles coco-viscoel\u00e1stica para cuna de la cig\u00fce\u00f1a online o en nuestras tiendas Gaspachitos de Palencia, Valladolid, Cantabria\" \/>\n<meta name=\"robots\" content=\"index, follow, max-snippet:-1, max-image-preview:large, max-video-preview:-1\" \/>\n<link rel=\"canonical\" href=\"https:\/\/gaspachitos.com\/producto\/colchon-de-muelles-coco-viscoelastica-para-cuna-de-la-ciguena\/\" \/>\n<meta property=\"og:locale\" content=\"eu_ES\" \/>\n<meta property=\"og:type\" content=\"article\" \/>\n<meta property=\"og:title\" content=\"Colch\u00f3n de Muelles Coco-Viscoel\u00e1stica para Cuna de la CIG\u00dcE\u00d1A - Gaspachitos\" \/>\n<meta property=\"og:description\" content=\"comprar colch\u00f3n de muelles coco-viscoel\u00e1stica para cuna de la cig\u00fce\u00f1a online o en nuestras tiendas Gaspachitos de Palencia, Valladolid, Cantabria\" \/>\n<meta property=\"og:url\" content=\"https:\/\/gaspachitos.com\/producto\/colchon-de-muelles-coco-viscoelastica-para-cuna-de-la-ciguena\/\" \/>\n<meta property=\"og:site_name\" content=\"Gaspachitos\" \/>\n<meta property=\"og:image\" content=\"https:\/\/gaspachitos.com\/wp-content\/uploads\/2012\/11\/7855-thickbox_default-Colchon-de-Muelles-Coco-Viscoelastica-para-Cuna-de-la-CIGUENA-7855.jpg\" \/>\n\t<meta property=\"og:image:width\" content=\"800\" \/>\n\t<meta property=\"og:image:height\" content=\"800\" \/>\n\t<meta property=\"og:image:type\" content=\"image\/jpeg\" \/>\n<meta name=\"twitter:card\" content=\"summary_large_image\" \/>\n<meta name=\"twitter:label1\" content=\"Est. reading time\" \/>\n\t<meta name=\"twitter:data1\" content=\"2 minutes\" \/>\n<script type=\"application\/ld+json\" class=\"yoast-schema-graph\">{\"@context\":\"https:\\\/\\\/schema.org\",\"@graph\":[{\"@type\":\"WebPage\",\"@id\":\"https:\\\/\\\/gaspachitos.com\\\/producto\\\/colchon-de-muelles-coco-viscoelastica-para-cuna-de-la-ciguena\\\/\",\"url\":\"https:\\\/\\\/gaspachitos.com\\\/producto\\\/colchon-de-muelles-coco-viscoelastica-para-cuna-de-la-ciguena\\\/\",\"name\":\"Colch\u00f3n de Muelles Coco-Viscoel\u00e1stica para Cuna de la CIG\u00dcE\u00d1A - Gaspachitos\",\"isPartOf\":{\"@id\":\"https:\\\/\\\/gaspachitos.com\\\/#website\"},\"primaryImageOfPage\":{\"@id\":\"https:\\\/\\\/gaspachitos.com\\\/producto\\\/colchon-de-muelles-coco-viscoelastica-para-cuna-de-la-ciguena\\\/#primaryimage\"},\"image\":{\"@id\":\"https:\\\/\\\/gaspachitos.com\\\/producto\\\/colchon-de-muelles-coco-viscoelastica-para-cuna-de-la-ciguena\\\/#primaryimage\"},\"thumbnailUrl\":\"https:\\\/\\\/gaspachitos.com\\\/wp-content\\\/uploads\\\/2012\\\/11\\\/7855-thickbox_default-Colchon-de-Muelles-Coco-Viscoelastica-para-Cuna-de-la-CIGUENA-7855.jpg\",\"datePublished\":\"2012-11-21T15:20:58+00:00\",\"description\":\"comprar colch\u00f3n de muelles coco-viscoel\u00e1stica para cuna de la cig\u00fce\u00f1a online o en nuestras tiendas Gaspachitos de Palencia, Valladolid, Cantabria\",\"breadcrumb\":{\"@id\":\"https:\\\/\\\/gaspachitos.com\\\/producto\\\/colchon-de-muelles-coco-viscoelastica-para-cuna-de-la-ciguena\\\/#breadcrumb\"},\"inLanguage\":\"eu-ES\",\"potentialAction\":[{\"@type\":\"ReadAction\",\"target\":[\"https:\\\/\\\/gaspachitos.com\\\/producto\\\/colchon-de-muelles-coco-viscoelastica-para-cuna-de-la-ciguena\\\/\"]}]},{\"@type\":\"ImageObject\",\"inLanguage\":\"eu-ES\",\"@id\":\"https:\\\/\\\/gaspachitos.com\\\/producto\\\/colchon-de-muelles-coco-viscoelastica-para-cuna-de-la-ciguena\\\/#primaryimage\",\"url\":\"https:\\\/\\\/gaspachitos.com\\\/wp-content\\\/uploads\\\/2012\\\/11\\\/7855-thickbox_default-Colchon-de-Muelles-Coco-Viscoelastica-para-Cuna-de-la-CIGUENA-7855.jpg\",\"contentUrl\":\"https:\\\/\\\/gaspachitos.com\\\/wp-content\\\/uploads\\\/2012\\\/11\\\/7855-thickbox_default-Colchon-de-Muelles-Coco-Viscoelastica-para-Cuna-de-la-CIGUENA-7855.jpg\",\"width\":800,\"height\":800,\"caption\":\"Colch\u00f3n de Muelles Coco-Viscoel\u00e1stica para Cuna de la CIG\u00dcE\u00d1A-7855\"},{\"@type\":\"BreadcrumbList\",\"@id\":\"https:\\\/\\\/gaspachitos.com\\\/producto\\\/colchon-de-muelles-coco-viscoelastica-para-cuna-de-la-ciguena\\\/#breadcrumb\",\"itemListElement\":[{\"@type\":\"ListItem\",\"position\":1,\"name\":\"Portada\",\"item\":\"https:\\\/\\\/gaspachitos.com\\\/\"},{\"@type\":\"ListItem\",\"position\":2,\"name\":\"Produtos\",\"item\":\"https:\\\/\\\/gaspachitos.com\\\/gl\\\/shop\\\/\"},{\"@type\":\"ListItem\",\"position\":3,\"name\":\"Colch\u00f3n de Muelles Coco-Viscoel\u00e1stica para Cuna de la CIG\u00dcE\u00d1A\"}]},{\"@type\":\"WebSite\",\"@id\":\"https:\\\/\\\/gaspachitos.com\\\/#website\",\"url\":\"https:\\\/\\\/gaspachitos.com\\\/\",\"name\":\"Gaspachitos\",\"description\":\"La tienda para tu beb\u00e9: cochecitos, sillas de paseo, cunas...\",\"potentialAction\":[{\"@type\":\"SearchAction\",\"target\":{\"@type\":\"EntryPoint\",\"urlTemplate\":\"https:\\\/\\\/gaspachitos.com\\\/?s={search_term_string}\"},\"query-input\":{\"@type\":\"PropertyValueSpecification\",\"valueRequired\":true,\"valueName\":\"search_term_string\"}}],\"inLanguage\":\"eu-ES\"}]}<\/script>\n<!-- \/ Yoast SEO plugin. -->","yoast_head_json":{"title":"Colch\u00f3n de Muelles Coco-Viscoel\u00e1stica para Cuna de la CIG\u00dcE\u00d1A - Gaspachitos","description":"comprar colch\u00f3n de muelles coco-viscoel\u00e1stica para cuna de la cig\u00fce\u00f1a online o en nuestras tiendas Gaspachitos de Palencia, Valladolid, Cantabria","robots":{"index":"index","follow":"follow","max-snippet":"max-snippet:-1","max-image-preview":"max-image-preview:large","max-video-preview":"max-video-preview:-1"},"canonical":"https:\/\/gaspachitos.com\/producto\/colchon-de-muelles-coco-viscoelastica-para-cuna-de-la-ciguena\/","og_locale":"eu_ES","og_type":"article","og_title":"Colch\u00f3n de Muelles Coco-Viscoel\u00e1stica para Cuna de la CIG\u00dcE\u00d1A - Gaspachitos","og_description":"comprar colch\u00f3n de muelles coco-viscoel\u00e1stica para cuna de la cig\u00fce\u00f1a online o en nuestras tiendas Gaspachitos de Palencia, Valladolid, Cantabria","og_url":"https:\/\/gaspachitos.com\/producto\/colchon-de-muelles-coco-viscoelastica-para-cuna-de-la-ciguena\/","og_site_name":"Gaspachitos","og_image":[{"width":800,"height":800,"url":"https:\/\/gaspachitos.com\/wp-content\/uploads\/2012\/11\/7855-thickbox_default-Colchon-de-Muelles-Coco-Viscoelastica-para-Cuna-de-la-CIGUENA-7855.jpg","type":"image\/jpeg"}],"twitter_card":"summary_large_image","twitter_misc":{"Est. reading time":"2 minutes"},"schema":{"@context":"https:\/\/schema.org","@graph":[{"@type":"WebPage","@id":"https:\/\/gaspachitos.com\/producto\/colchon-de-muelles-coco-viscoelastica-para-cuna-de-la-ciguena\/","url":"https:\/\/gaspachitos.com\/producto\/colchon-de-muelles-coco-viscoelastica-para-cuna-de-la-ciguena\/","name":"Colch\u00f3n de Muelles Coco-Viscoel\u00e1stica para Cuna de la CIG\u00dcE\u00d1A - Gaspachitos","isPartOf":{"@id":"https:\/\/gaspachitos.com\/#website"},"primaryImageOfPage":{"@id":"https:\/\/gaspachitos.com\/producto\/colchon-de-muelles-coco-viscoelastica-para-cuna-de-la-ciguena\/#primaryimage"},"image":{"@id":"https:\/\/gaspachitos.com\/producto\/colchon-de-muelles-coco-viscoelastica-para-cuna-de-la-ciguena\/#primaryimage"},"thumbnailUrl":"https:\/\/gaspachitos.com\/wp-content\/uploads\/2012\/11\/7855-thickbox_default-Colchon-de-Muelles-Coco-Viscoelastica-para-Cuna-de-la-CIGUENA-7855.jpg","datePublished":"2012-11-21T15:20:58+00:00","description":"comprar colch\u00f3n de muelles coco-viscoel\u00e1stica para cuna de la cig\u00fce\u00f1a online o en nuestras tiendas Gaspachitos de Palencia, Valladolid, Cantabria","breadcrumb":{"@id":"https:\/\/gaspachitos.com\/producto\/colchon-de-muelles-coco-viscoelastica-para-cuna-de-la-ciguena\/#breadcrumb"},"inLanguage":"eu-ES","potentialAction":[{"@type":"ReadAction","target":["https:\/\/gaspachitos.com\/producto\/colchon-de-muelles-coco-viscoelastica-para-cuna-de-la-ciguena\/"]}]},{"@type":"ImageObject","inLanguage":"eu-ES","@id":"https:\/\/gaspachitos.com\/producto\/colchon-de-muelles-coco-viscoelastica-para-cuna-de-la-ciguena\/#primaryimage","url":"https:\/\/gaspachitos.com\/wp-content\/uploads\/2012\/11\/7855-thickbox_default-Colchon-de-Muelles-Coco-Viscoelastica-para-Cuna-de-la-CIGUENA-7855.jpg","contentUrl":"https:\/\/gaspachitos.com\/wp-content\/uploads\/2012\/11\/7855-thickbox_default-Colchon-de-Muelles-Coco-Viscoelastica-para-Cuna-de-la-CIGUENA-7855.jpg","width":800,"height":800,"caption":"Colch\u00f3n de Muelles Coco-Viscoel\u00e1stica para Cuna de la CIG\u00dcE\u00d1A-7855"},{"@type":"BreadcrumbList","@id":"https:\/\/gaspachitos.com\/producto\/colchon-de-muelles-coco-viscoelastica-para-cuna-de-la-ciguena\/#breadcrumb","itemListElement":[{"@type":"ListItem","position":1,"name":"Portada","item":"https:\/\/gaspachitos.com\/"},{"@type":"ListItem","position":2,"name":"Produtos","item":"https:\/\/gaspachitos.com\/gl\/shop\/"},{"@type":"ListItem","position":3,"name":"Colch\u00f3n de Muelles Coco-Viscoel\u00e1stica para Cuna de la CIG\u00dcE\u00d1A"}]},{"@type":"WebSite","@id":"https:\/\/gaspachitos.com\/#website","url":"https:\/\/gaspachitos.com\/","name":"Gaspachitos","description":"La tienda para tu beb\u00e9: cochecitos, sillas de paseo, cunas...","potentialAction":[{"@type":"SearchAction","target":{"@type":"EntryPoint","urlTemplate":"https:\/\/gaspachitos.com\/?s={search_term_string}"},"query-input":{"@type":"PropertyValueSpecification","valueRequired":true,"valueName":"search_term_string"}}],"inLanguage":"eu-ES"}]}},"brands":[{"id":5278,"name":"La cig\u00fce\u00f1a","slug":"la-ciguena"}],"_links":{"self":[{"href":"https:\/\/gaspachitos.com\/eu\/wp-json\/wp\/v2\/product\/258791","targetHints":{"allow":["GET"]}}],"collection":[{"href":"https:\/\/gaspachitos.com\/eu\/wp-json\/wp\/v2\/product"}],"about":[{"href":"https:\/\/gaspachitos.com\/eu\/wp-json\/wp\/v2\/types\/product"}],"replies":[{"embeddable":true,"href":"https:\/\/gaspachitos.com\/eu\/wp-json\/wp\/v2\/comments?post=258791"}],"wp:featuredmedia":[{"embeddable":true,"href":"https:\/\/gaspachitos.com\/eu\/wp-json\/wp\/v2\/media\/258700"}],"wp:attachment":[{"href":"https:\/\/gaspachitos.com\/eu\/wp-json\/wp\/v2\/media?parent=258791"}],"wp:term":[{"taxonomy":"pwb-brand","embeddable":true,"href":"https:\/\/gaspachitos.com\/eu\/wp-json\/wp\/v2\/pwb-brand?post=258791"},{"taxonomy":"product_brand","embeddable":true,"href":"https:\/\/gaspachitos.com\/eu\/wp-json\/wp\/v2\/product_brand?post=258791"},{"taxonomy":"product_cat","embeddable":true,"href":"https:\/\/gaspachitos.com\/eu\/wp-json\/wp\/v2\/product_cat?post=258791"},{"taxonomy":"product_tag","embeddable":true,"href":"https:\/\/gaspachitos.com\/eu\/wp-json\/wp\/v2\/product_tag?post=258791"}],"curies":[{"name":"wp","href":"https:\/\/api.w.org\/{rel}","templated":true}]}}