{"id":258666,"date":"2012-11-21T17:09:54","date_gmt":"2012-11-21T15:09:54","guid":{"rendered":"https:\/\/nueva.gaspachitos.com\/producto\/colchon-viscoelastica-para-cuna-de-la-ciguena\/"},"modified":"2012-11-21T17:09:54","modified_gmt":"2012-11-21T15:09:54","slug":"colchon-viscoelastica-para-cuna-de-la-ciguena","status":"publish","type":"product","link":"https:\/\/gaspachitos.com\/eu\/producto\/colchon-viscoelastica-para-cuna-de-la-ciguena\/","title":{"rendered":"Colch\u00f3n Viscoel\u00e1stica para Cuna de LA CIG\u00dcE\u00d1A"},"content":{"rendered":"<h2><strong><span style=\"font-family:verdana;\">Colch\u00f3n Viscoel\u00e1stica para Cuna<\/span><\/strong><\/h2>\n<p>Este nuevo material ha sido desarrollado por la NASA para su uso en la estaci\u00f3n espacial y posteriormente se ha integrado en el mundo del descanso debido a sus propiedades de adaptaci\u00f3n al cuerpo y su efecto relajante.<\/p>\n<p>Ofreciendo lo que han descrito como &#8220;sensaci\u00f3n de ingravidez&#8221;. La espuma viscoel\u00e1stica posee un efecto memoria que le confiere propiedades de adaptaci\u00f3n al cuerpo de manera perfecta.<\/p>\n<p>Es por tanto capaz de ofrecer un confort incomparable ya que cada parte del cuerpo es soportada en funci\u00f3n de peso, de la temperatura y de la presi\u00f3n ejercida, impidiendo, por tanto, posturas no naturales que obligan al cuello, lumbares y cervicales a mantenerse contra\u00eddas durante el descanso.<\/p>\n<p>La elevada tecnolog\u00eda de este material permite mantener el poro de la espuma abierto tras la espumaci\u00f3n, lo que confiere m\u00e1ximas garant\u00edas de transpiraci\u00f3n e higiene.<\/p>\n<\/p>\n<p><strong>Caracter\u00edsticas t\u00e9cnicas:<\/strong><\/p>\n<ul type=\"disc\">\n<li>Colch\u00f3n con n\u00facleo de sustentaci\u00f3n de poliuretanos de alta densidad\u00a0<\/li>\n<li>Plancha de viscoel\u00e1stica 100%, un material de \u00faltima generaci\u00f3n que proporciona un efecto tranquilizador\u00a0<\/li>\n<li>Funda interior: de protecci\u00f3n de m\u00e1xima transpirabilidad<\/li>\n<li>Funda exterior de doble cara:\u00a0<\/li>\n<\/ul>\n<ol>\n<li>Una de tejido STRECH transpirable con acabado extra suave\u00a0<\/li>\n<li>La otra con tejido 3D que facilita la ventilaci\u00f3n y transpiraci\u00f3n del colch\u00f3n<\/li>\n<\/ol>\n<ul type=\"disc\">\n<li>VISCOEL\u00c1STICA\u00a0100% de\u00a060 Kg\/m3<\/li>\n<li>N\u00facleo de poliuretano de nueva generaci\u00f3n<\/li>\n<li>Antiahogo<\/li>\n<li>Transpirable<\/li>\n<li>Ergon\u00f3mico<\/li>\n<li>Hipoalerg\u00e9nico<\/li>\n<li>Antibacterias<\/li>\n<li>Antihongos<\/li>\n<li>Anti\u00e1caros<\/li>\n<li>Acabada con cremallera desenfundable y lavable<\/li>\n<li>La funda va con el cursor de la cremallera oculto, para una m\u00e1xima seguridad del bebe<\/li>\n<\/ul>\n<\/p>\n<p><strong>Especificaciones:<\/strong><\/p>\n<p>Nosotros <em><strong>recomendamos<\/strong><\/em> las medidas para cualquier tipo de colch\u00f3n de <span style=\"text-decoration:underline;\">117 x 57<\/span> cm para cunas de las medidas est\u00e1ndar (120&#215;60) ya que es el espacio suficiente para poder meter por debajo edredones, s\u00e1banas&#8230;<\/p>\n<\/p>\n<\/p>\n<p>SUJETO A DISPONIBILIDAD<\/p>\n","protected":false},"excerpt":{"rendered":"<p>Este nuevo material ha sido desarrollado por la NASA para su uso en la estaci\u00f3n espacial y posteriormente se ha integrado en el mundo del descanso debido a sus propiedades de adaptaci\u00f3n al cuerpo y su efecto relajante.<\/p>\n","protected":false},"featured_media":258574,"comment_status":"open","ping_status":"closed","template":"","meta":{"_et_pb_use_builder":"","_et_pb_old_content":"","_et_gb_content_width":""},"pwb-brand":[5278],"product_brand":[],"product_cat":[6085,5869],"product_tag":[],"class_list":{"0":"post-258666","1":"product","2":"type-product","3":"status-publish","4":"has-post-thumbnail","6":"pwb-brand-la-ciguena","7":"product_cat-colchones-de-cuna-cama-eu","8":"product_cat-productos-destacados-eu","9":"pa_color-blanco-eu","10":"pa_medida-115x55cm-eu","11":"pa_medida-117x57cm-eu","12":"pa_medida-120x60cm-eu","13":"pa_medida-140x70cm-eu","15":"first","16":"instock","17":"taxable","18":"shipping-taxable","19":"purchasable","20":"product-type-variable","21":"has-default-attributes"},"yoast_head":"<!-- This site is optimized with the Yoast SEO plugin v27.4 - https:\/\/yoast.com\/product\/yoast-seo-wordpress\/ -->\n<title>Colch\u00f3n Viscoel\u00e1stica para Cuna de LA CIG\u00dcE\u00d1A - Gaspachitos<\/title>\n<meta name=\"description\" content=\"comprar colch\u00f3n viscoel\u00e1stica para cuna de la cig\u00fce\u00f1a online o en nuestras tiendas Gaspachitos en Palencia, Valladolid, Cantabria\" \/>\n<meta name=\"robots\" content=\"index, follow, max-snippet:-1, max-image-preview:large, max-video-preview:-1\" \/>\n<link rel=\"canonical\" href=\"https:\/\/gaspachitos.com\/eu\/producto\/colchon-viscoelastica-para-cuna-de-la-ciguena\/\" \/>\n<meta property=\"og:locale\" content=\"eu_ES\" \/>\n<meta property=\"og:type\" content=\"article\" \/>\n<meta property=\"og:title\" content=\"Colch\u00f3n Viscoel\u00e1stica para Cuna de LA CIG\u00dcE\u00d1A - Gaspachitos\" \/>\n<meta property=\"og:description\" content=\"comprar colch\u00f3n viscoel\u00e1stica para cuna de la cig\u00fce\u00f1a online o en nuestras tiendas Gaspachitos en Palencia, Valladolid, Cantabria\" \/>\n<meta property=\"og:url\" content=\"https:\/\/gaspachitos.com\/eu\/producto\/colchon-viscoelastica-para-cuna-de-la-ciguena\/\" \/>\n<meta property=\"og:site_name\" content=\"Gaspachitos\" \/>\n<meta property=\"og:image\" content=\"https:\/\/gaspachitos.com\/wp-content\/uploads\/2012\/11\/5792-thickbox_default-Colchon-Viscoelastica-para-Cuna-de-LA-CIGUENA-5792.jpg\" \/>\n\t<meta property=\"og:image:width\" content=\"800\" \/>\n\t<meta property=\"og:image:height\" content=\"800\" \/>\n\t<meta property=\"og:image:type\" content=\"image\/jpeg\" \/>\n<meta name=\"twitter:card\" content=\"summary_large_image\" \/>\n<meta name=\"twitter:label1\" content=\"Est. reading time\" \/>\n\t<meta name=\"twitter:data1\" content=\"2 minutes\" \/>\n<script type=\"application\/ld+json\" class=\"yoast-schema-graph\">{\"@context\":\"https:\\\/\\\/schema.org\",\"@graph\":[{\"@type\":\"WebPage\",\"@id\":\"https:\\\/\\\/gaspachitos.com\\\/eu\\\/producto\\\/colchon-viscoelastica-para-cuna-de-la-ciguena\\\/\",\"url\":\"https:\\\/\\\/gaspachitos.com\\\/eu\\\/producto\\\/colchon-viscoelastica-para-cuna-de-la-ciguena\\\/\",\"name\":\"Colch\u00f3n Viscoel\u00e1stica para Cuna de LA CIG\u00dcE\u00d1A - Gaspachitos\",\"isPartOf\":{\"@id\":\"https:\\\/\\\/gaspachitos.com\\\/#website\"},\"primaryImageOfPage\":{\"@id\":\"https:\\\/\\\/gaspachitos.com\\\/eu\\\/producto\\\/colchon-viscoelastica-para-cuna-de-la-ciguena\\\/#primaryimage\"},\"image\":{\"@id\":\"https:\\\/\\\/gaspachitos.com\\\/eu\\\/producto\\\/colchon-viscoelastica-para-cuna-de-la-ciguena\\\/#primaryimage\"},\"thumbnailUrl\":\"https:\\\/\\\/gaspachitos.com\\\/wp-content\\\/uploads\\\/2012\\\/11\\\/5792-thickbox_default-Colchon-Viscoelastica-para-Cuna-de-LA-CIGUENA-5792.jpg\",\"datePublished\":\"2012-11-21T15:09:54+00:00\",\"description\":\"comprar colch\u00f3n viscoel\u00e1stica para cuna de la cig\u00fce\u00f1a online o en nuestras tiendas Gaspachitos en Palencia, Valladolid, Cantabria\",\"breadcrumb\":{\"@id\":\"https:\\\/\\\/gaspachitos.com\\\/eu\\\/producto\\\/colchon-viscoelastica-para-cuna-de-la-ciguena\\\/#breadcrumb\"},\"inLanguage\":\"eu-ES\",\"potentialAction\":[{\"@type\":\"ReadAction\",\"target\":[\"https:\\\/\\\/gaspachitos.com\\\/eu\\\/producto\\\/colchon-viscoelastica-para-cuna-de-la-ciguena\\\/\"]}]},{\"@type\":\"ImageObject\",\"inLanguage\":\"eu-ES\",\"@id\":\"https:\\\/\\\/gaspachitos.com\\\/eu\\\/producto\\\/colchon-viscoelastica-para-cuna-de-la-ciguena\\\/#primaryimage\",\"url\":\"https:\\\/\\\/gaspachitos.com\\\/wp-content\\\/uploads\\\/2012\\\/11\\\/5792-thickbox_default-Colchon-Viscoelastica-para-Cuna-de-LA-CIGUENA-5792.jpg\",\"contentUrl\":\"https:\\\/\\\/gaspachitos.com\\\/wp-content\\\/uploads\\\/2012\\\/11\\\/5792-thickbox_default-Colchon-Viscoelastica-para-Cuna-de-LA-CIGUENA-5792.jpg\",\"width\":800,\"height\":800,\"caption\":\"Colch\u00f3n Viscoel\u00e1stica para Cuna de LA CIG\u00dcE\u00d1A-5792\"},{\"@type\":\"BreadcrumbList\",\"@id\":\"https:\\\/\\\/gaspachitos.com\\\/eu\\\/producto\\\/colchon-viscoelastica-para-cuna-de-la-ciguena\\\/#breadcrumb\",\"itemListElement\":[{\"@type\":\"ListItem\",\"position\":1,\"name\":\"Portada\",\"item\":\"https:\\\/\\\/gaspachitos.com\\\/\"},{\"@type\":\"ListItem\",\"position\":2,\"name\":\"Produtos\",\"item\":\"https:\\\/\\\/gaspachitos.com\\\/gl\\\/shop\\\/\"},{\"@type\":\"ListItem\",\"position\":3,\"name\":\"Colch\u00f3n Viscoel\u00e1stica para Cuna de LA CIG\u00dcE\u00d1A\"}]},{\"@type\":\"WebSite\",\"@id\":\"https:\\\/\\\/gaspachitos.com\\\/#website\",\"url\":\"https:\\\/\\\/gaspachitos.com\\\/\",\"name\":\"Gaspachitos\",\"description\":\"La tienda para tu beb\u00e9: cochecitos, sillas de paseo, cunas...\",\"potentialAction\":[{\"@type\":\"SearchAction\",\"target\":{\"@type\":\"EntryPoint\",\"urlTemplate\":\"https:\\\/\\\/gaspachitos.com\\\/?s={search_term_string}\"},\"query-input\":{\"@type\":\"PropertyValueSpecification\",\"valueRequired\":true,\"valueName\":\"search_term_string\"}}],\"inLanguage\":\"eu-ES\"}]}<\/script>\n<!-- \/ Yoast SEO plugin. -->","yoast_head_json":{"title":"Colch\u00f3n Viscoel\u00e1stica para Cuna de LA CIG\u00dcE\u00d1A - Gaspachitos","description":"comprar colch\u00f3n viscoel\u00e1stica para cuna de la cig\u00fce\u00f1a online o en nuestras tiendas Gaspachitos en Palencia, Valladolid, Cantabria","robots":{"index":"index","follow":"follow","max-snippet":"max-snippet:-1","max-image-preview":"max-image-preview:large","max-video-preview":"max-video-preview:-1"},"canonical":"https:\/\/gaspachitos.com\/eu\/producto\/colchon-viscoelastica-para-cuna-de-la-ciguena\/","og_locale":"eu_ES","og_type":"article","og_title":"Colch\u00f3n Viscoel\u00e1stica para Cuna de LA CIG\u00dcE\u00d1A - Gaspachitos","og_description":"comprar colch\u00f3n viscoel\u00e1stica para cuna de la cig\u00fce\u00f1a online o en nuestras tiendas Gaspachitos en Palencia, Valladolid, Cantabria","og_url":"https:\/\/gaspachitos.com\/eu\/producto\/colchon-viscoelastica-para-cuna-de-la-ciguena\/","og_site_name":"Gaspachitos","og_image":[{"width":800,"height":800,"url":"https:\/\/gaspachitos.com\/wp-content\/uploads\/2012\/11\/5792-thickbox_default-Colchon-Viscoelastica-para-Cuna-de-LA-CIGUENA-5792.jpg","type":"image\/jpeg"}],"twitter_card":"summary_large_image","twitter_misc":{"Est. reading time":"2 minutes"},"schema":{"@context":"https:\/\/schema.org","@graph":[{"@type":"WebPage","@id":"https:\/\/gaspachitos.com\/eu\/producto\/colchon-viscoelastica-para-cuna-de-la-ciguena\/","url":"https:\/\/gaspachitos.com\/eu\/producto\/colchon-viscoelastica-para-cuna-de-la-ciguena\/","name":"Colch\u00f3n Viscoel\u00e1stica para Cuna de LA CIG\u00dcE\u00d1A - Gaspachitos","isPartOf":{"@id":"https:\/\/gaspachitos.com\/#website"},"primaryImageOfPage":{"@id":"https:\/\/gaspachitos.com\/eu\/producto\/colchon-viscoelastica-para-cuna-de-la-ciguena\/#primaryimage"},"image":{"@id":"https:\/\/gaspachitos.com\/eu\/producto\/colchon-viscoelastica-para-cuna-de-la-ciguena\/#primaryimage"},"thumbnailUrl":"https:\/\/gaspachitos.com\/wp-content\/uploads\/2012\/11\/5792-thickbox_default-Colchon-Viscoelastica-para-Cuna-de-LA-CIGUENA-5792.jpg","datePublished":"2012-11-21T15:09:54+00:00","description":"comprar colch\u00f3n viscoel\u00e1stica para cuna de la cig\u00fce\u00f1a online o en nuestras tiendas Gaspachitos en Palencia, Valladolid, Cantabria","breadcrumb":{"@id":"https:\/\/gaspachitos.com\/eu\/producto\/colchon-viscoelastica-para-cuna-de-la-ciguena\/#breadcrumb"},"inLanguage":"eu-ES","potentialAction":[{"@type":"ReadAction","target":["https:\/\/gaspachitos.com\/eu\/producto\/colchon-viscoelastica-para-cuna-de-la-ciguena\/"]}]},{"@type":"ImageObject","inLanguage":"eu-ES","@id":"https:\/\/gaspachitos.com\/eu\/producto\/colchon-viscoelastica-para-cuna-de-la-ciguena\/#primaryimage","url":"https:\/\/gaspachitos.com\/wp-content\/uploads\/2012\/11\/5792-thickbox_default-Colchon-Viscoelastica-para-Cuna-de-LA-CIGUENA-5792.jpg","contentUrl":"https:\/\/gaspachitos.com\/wp-content\/uploads\/2012\/11\/5792-thickbox_default-Colchon-Viscoelastica-para-Cuna-de-LA-CIGUENA-5792.jpg","width":800,"height":800,"caption":"Colch\u00f3n Viscoel\u00e1stica para Cuna de LA CIG\u00dcE\u00d1A-5792"},{"@type":"BreadcrumbList","@id":"https:\/\/gaspachitos.com\/eu\/producto\/colchon-viscoelastica-para-cuna-de-la-ciguena\/#breadcrumb","itemListElement":[{"@type":"ListItem","position":1,"name":"Portada","item":"https:\/\/gaspachitos.com\/"},{"@type":"ListItem","position":2,"name":"Produtos","item":"https:\/\/gaspachitos.com\/gl\/shop\/"},{"@type":"ListItem","position":3,"name":"Colch\u00f3n Viscoel\u00e1stica para Cuna de LA CIG\u00dcE\u00d1A"}]},{"@type":"WebSite","@id":"https:\/\/gaspachitos.com\/#website","url":"https:\/\/gaspachitos.com\/","name":"Gaspachitos","description":"La tienda para tu beb\u00e9: cochecitos, sillas de paseo, cunas...","potentialAction":[{"@type":"SearchAction","target":{"@type":"EntryPoint","urlTemplate":"https:\/\/gaspachitos.com\/?s={search_term_string}"},"query-input":{"@type":"PropertyValueSpecification","valueRequired":true,"valueName":"search_term_string"}}],"inLanguage":"eu-ES"}]}},"brands":[{"id":5278,"name":"La cig\u00fce\u00f1a","slug":"la-ciguena"}],"_links":{"self":[{"href":"https:\/\/gaspachitos.com\/eu\/wp-json\/wp\/v2\/product\/258666","targetHints":{"allow":["GET"]}}],"collection":[{"href":"https:\/\/gaspachitos.com\/eu\/wp-json\/wp\/v2\/product"}],"about":[{"href":"https:\/\/gaspachitos.com\/eu\/wp-json\/wp\/v2\/types\/product"}],"replies":[{"embeddable":true,"href":"https:\/\/gaspachitos.com\/eu\/wp-json\/wp\/v2\/comments?post=258666"}],"wp:featuredmedia":[{"embeddable":true,"href":"https:\/\/gaspachitos.com\/eu\/wp-json\/wp\/v2\/media\/258574"}],"wp:attachment":[{"href":"https:\/\/gaspachitos.com\/eu\/wp-json\/wp\/v2\/media?parent=258666"}],"wp:term":[{"taxonomy":"pwb-brand","embeddable":true,"href":"https:\/\/gaspachitos.com\/eu\/wp-json\/wp\/v2\/pwb-brand?post=258666"},{"taxonomy":"product_brand","embeddable":true,"href":"https:\/\/gaspachitos.com\/eu\/wp-json\/wp\/v2\/product_brand?post=258666"},{"taxonomy":"product_cat","embeddable":true,"href":"https:\/\/gaspachitos.com\/eu\/wp-json\/wp\/v2\/product_cat?post=258666"},{"taxonomy":"product_tag","embeddable":true,"href":"https:\/\/gaspachitos.com\/eu\/wp-json\/wp\/v2\/product_tag?post=258666"}],"curies":[{"name":"wp","href":"https:\/\/api.w.org\/{rel}","templated":true}]}}