{"id":258398,"date":"2024-03-26T12:34:11","date_gmt":"2024-03-26T10:34:11","guid":{"rendered":"https:\/\/nueva.gaspachitos.com\/?page_id=258398"},"modified":"2024-03-26T12:34:15","modified_gmt":"2024-03-26T10:34:15","slug":"aviso-legal","status":"publish","type":"page","link":"https:\/\/gaspachitos.com\/ca\/aviso-legal\/","title":{"rendered":"Aviso legal"},"content":{"rendered":"<h2><span id=\"result_box\"><span style=\"background-color: #ffffff;\" title=\"Mentions l\u00e9gales\">Pie de imprenta<\/span><\/span><\/h2>\n<h2><span id=\"result_box\"><span style=\"background-color: #ffffff;\" title=\"Mentions l\u00e9gales\"> <\/span><\/span><span id=\"result_box\"><span style=\"background-color: #ffffff;\" title=\"Cr\u00e9dits\">Cr\u00e9ditos<\/span><\/span><\/h2>\n<h3><span id=\"result_box\"><\/span><\/h3>\n<p><span id=\"result_box\"><span style=\"background-color: #ffffff;\" title=\"Cr\u00e9dits\"><br \/><\/span><span style=\"background-color: #ffffff;\" title=\"Concept et production :\">Concepto y producci\u00f3n:<\/p>\n<p><\/span><span style=\"background-color: #ffffff;\" title=\"Ce site internet a \u00e9t\u00e9 r\u00e9alis\u00e9 en utilisant la solution open-source PrestaShop\u2122 .\">Este sitio web fue creado utilizando la soluci\u00f3n de c\u00f3digo abierto <a href=\"http:\/\/www.prestashop.com\" target=\"_blank\" rel=\"noopener\">PrestaShop<\/a>\u2122.<\/span><\/span><\/p>\n","protected":false},"excerpt":{"rendered":"<p>Pie de imprenta Cr\u00e9ditos Concepto y producci\u00f3n:Este sitio web fue creado utilizando la soluci\u00f3n de c\u00f3digo abierto PrestaShop\u2122.<\/p>\n","protected":false},"author":877,"featured_media":0,"parent":0,"menu_order":1,"comment_status":"closed","ping_status":"closed","template":"","meta":{"_et_pb_use_builder":"on","_et_pb_old_content":"","_et_gb_content_width":"","footnotes":""},"class_list":["post-258398","page","type-page","status-publish","hentry"],"yoast_head":"<!-- This site is optimized with the Yoast SEO plugin v27.6 - https:\/\/yoast.com\/product\/yoast-seo-wordpress\/ -->\n<title>Aviso legal - Gaspachitos<\/title>\n<meta name=\"robots\" content=\"index, follow, max-snippet:-1, max-image-preview:large, max-video-preview:-1\" \/>\n<link rel=\"canonical\" href=\"https:\/\/gaspachitos.com\/aviso-legal\/\" \/>\n<meta property=\"og:locale\" content=\"ca_ES\" \/>\n<meta property=\"og:type\" content=\"article\" \/>\n<meta property=\"og:title\" content=\"Aviso legal - Gaspachitos\" \/>\n<meta property=\"og:description\" content=\"Pie de imprenta Cr\u00e9ditos Concepto y producci\u00f3n:Este sitio web fue creado utilizando la soluci\u00f3n de c\u00f3digo abierto PrestaShop\u2122.\" \/>\n<meta property=\"og:url\" content=\"https:\/\/gaspachitos.com\/aviso-legal\/\" \/>\n<meta property=\"og:site_name\" content=\"Gaspachitos\" \/>\n<meta property=\"article:modified_time\" content=\"2024-03-26T10:34:15+00:00\" \/>\n<meta name=\"twitter:card\" content=\"summary_large_image\" \/>\n<script type=\"application\/ld+json\" class=\"yoast-schema-graph\">{\"@context\":\"https:\\\/\\\/schema.org\",\"@graph\":[{\"@type\":\"WebPage\",\"@id\":\"https:\\\/\\\/gaspachitos.com\\\/aviso-legal\\\/\",\"url\":\"https:\\\/\\\/gaspachitos.com\\\/aviso-legal\\\/\",\"name\":\"Aviso legal - Gaspachitos\",\"isPartOf\":{\"@id\":\"https:\\\/\\\/gaspachitos.com\\\/#website\"},\"datePublished\":\"2024-03-26T10:34:11+00:00\",\"dateModified\":\"2024-03-26T10:34:15+00:00\",\"breadcrumb\":{\"@id\":\"https:\\\/\\\/gaspachitos.com\\\/aviso-legal\\\/#breadcrumb\"},\"inLanguage\":\"ca\",\"potentialAction\":[{\"@type\":\"ReadAction\",\"target\":[\"https:\\\/\\\/gaspachitos.com\\\/aviso-legal\\\/\"]}]},{\"@type\":\"BreadcrumbList\",\"@id\":\"https:\\\/\\\/gaspachitos.com\\\/aviso-legal\\\/#breadcrumb\",\"itemListElement\":[{\"@type\":\"ListItem\",\"position\":1,\"name\":\"Portada\",\"item\":\"https:\\\/\\\/gaspachitos.com\\\/\"},{\"@type\":\"ListItem\",\"position\":2,\"name\":\"Aviso legal\"}]},{\"@type\":\"WebSite\",\"@id\":\"https:\\\/\\\/gaspachitos.com\\\/#website\",\"url\":\"https:\\\/\\\/gaspachitos.com\\\/\",\"name\":\"Gaspachitos\",\"description\":\"La tienda para tu beb\u00e9: cochecitos, sillas de paseo, cunas...\",\"potentialAction\":[{\"@type\":\"SearchAction\",\"target\":{\"@type\":\"EntryPoint\",\"urlTemplate\":\"https:\\\/\\\/gaspachitos.com\\\/?s={search_term_string}\"},\"query-input\":{\"@type\":\"PropertyValueSpecification\",\"valueRequired\":true,\"valueName\":\"search_term_string\"}}],\"inLanguage\":\"ca\"}]}<\/script>\n<!-- \/ Yoast SEO plugin. -->","yoast_head_json":{"title":"Aviso legal - Gaspachitos","robots":{"index":"index","follow":"follow","max-snippet":"max-snippet:-1","max-image-preview":"max-image-preview:large","max-video-preview":"max-video-preview:-1"},"canonical":"https:\/\/gaspachitos.com\/aviso-legal\/","og_locale":"ca_ES","og_type":"article","og_title":"Aviso legal - Gaspachitos","og_description":"Pie de imprenta Cr\u00e9ditos Concepto y producci\u00f3n:Este sitio web fue creado utilizando la soluci\u00f3n de c\u00f3digo abierto PrestaShop\u2122.","og_url":"https:\/\/gaspachitos.com\/aviso-legal\/","og_site_name":"Gaspachitos","article_modified_time":"2024-03-26T10:34:15+00:00","twitter_card":"summary_large_image","schema":{"@context":"https:\/\/schema.org","@graph":[{"@type":"WebPage","@id":"https:\/\/gaspachitos.com\/aviso-legal\/","url":"https:\/\/gaspachitos.com\/aviso-legal\/","name":"Aviso legal - Gaspachitos","isPartOf":{"@id":"https:\/\/gaspachitos.com\/#website"},"datePublished":"2024-03-26T10:34:11+00:00","dateModified":"2024-03-26T10:34:15+00:00","breadcrumb":{"@id":"https:\/\/gaspachitos.com\/aviso-legal\/#breadcrumb"},"inLanguage":"ca","potentialAction":[{"@type":"ReadAction","target":["https:\/\/gaspachitos.com\/aviso-legal\/"]}]},{"@type":"BreadcrumbList","@id":"https:\/\/gaspachitos.com\/aviso-legal\/#breadcrumb","itemListElement":[{"@type":"ListItem","position":1,"name":"Portada","item":"https:\/\/gaspachitos.com\/"},{"@type":"ListItem","position":2,"name":"Aviso legal"}]},{"@type":"WebSite","@id":"https:\/\/gaspachitos.com\/#website","url":"https:\/\/gaspachitos.com\/","name":"Gaspachitos","description":"La tienda para tu beb\u00e9: cochecitos, sillas de paseo, cunas...","potentialAction":[{"@type":"SearchAction","target":{"@type":"EntryPoint","urlTemplate":"https:\/\/gaspachitos.com\/?s={search_term_string}"},"query-input":{"@type":"PropertyValueSpecification","valueRequired":true,"valueName":"search_term_string"}}],"inLanguage":"ca"}]}},"_links":{"self":[{"href":"https:\/\/gaspachitos.com\/ca\/wp-json\/wp\/v2\/pages\/258398","targetHints":{"allow":["GET"]}}],"collection":[{"href":"https:\/\/gaspachitos.com\/ca\/wp-json\/wp\/v2\/pages"}],"about":[{"href":"https:\/\/gaspachitos.com\/ca\/wp-json\/wp\/v2\/types\/page"}],"author":[{"embeddable":true,"href":"https:\/\/gaspachitos.com\/ca\/wp-json\/wp\/v2\/users\/877"}],"replies":[{"embeddable":true,"href":"https:\/\/gaspachitos.com\/ca\/wp-json\/wp\/v2\/comments?post=258398"}],"version-history":[{"count":0,"href":"https:\/\/gaspachitos.com\/ca\/wp-json\/wp\/v2\/pages\/258398\/revisions"}],"wp:attachment":[{"href":"https:\/\/gaspachitos.com\/ca\/wp-json\/wp\/v2\/media?parent=258398"}],"curies":[{"name":"wp","href":"https:\/\/api.w.org\/{rel}","templated":true}]}}